{"id":12768,"date":"2024-10-12T12:56:31","date_gmt":"2024-10-12T10:56:31","guid":{"rendered":"https:\/\/euroequipe.eu\/el-grupo\/nuestra-historia\/"},"modified":"2025-11-24T16:10:33","modified_gmt":"2025-11-24T15:10:33","slug":"nuestra-historia","status":"publish","type":"page","link":"https:\/\/euroequipe.eu\/es\/el-grupo\/nuestra-historia\/","title":{"rendered":"Nuestra historia"},"content":{"rendered":"<section class=\"l-section wpb_row us_custom_0288ae13 height_small width_full\"><div class=\"l-section-h i-cf\"><div class=\"g-cols vc_row via_grid cols_1 laptops-cols_inherit tablets-cols_inherit mobiles-cols_1 valign_middle type_default stacking_default\"><div class=\"wpb_column vc_column_container us_custom_86df0c12 us_animate_this has_bg_color\"><div class=\"vc_column-inner\"><div class=\"w-text us_custom_7ca35d41 has_text_color\"><span class=\"w-text-h\"><span class=\"w-text-value\">DESCUBRE<\/span><\/span><\/div><h1 class=\"w-text us_custom_9340612f has_text_color\"><span class=\"w-text-h\"><span class=\"w-text-value\">NUESTRA HISTORIA<\/span><\/span><\/h1><h4 class=\"w-text us_custom_d44d8758 has_text_color\"><span class=\"w-text-h\"><span class=\"w-text-value\">Los primeros pasos hacia nuestro presente<\/span><\/span><\/h4><\/div><\/div><\/div><\/div><\/section><section class=\"l-section wpb_row us_custom_44ce96d9 height_large\"><div class=\"l-section-h i-cf\"><div class=\"g-cols vc_row via_grid cols_1 laptops-cols_inherit tablets-cols_inherit mobiles-cols_1 valign_top type_default stacking_default\"><div class=\"wpb_column vc_column_container\"><div class=\"vc_column-inner\"><div class=\"w-html hide_on_default hide_on_laptops\"><div class=\"mobile-timeline-container\">\n  <div class=\"mobile-timeline-item\">\n    <div class=\"mobile-timeline-date\">\n  1983\n    <\/div>\n    <div class=\"mobile-timeline-content\">\n      <h3>El nacimiento de Hidroself<\/h3>\n      <p>En el coraz\u00f3n de Emilia-Roma\u00f1a, en la provincia de Bolonia, naci\u00f3 Euroequipe Srl. Corr\u00eda el a\u00f1o 1983 cuando la empresa debut\u00f3 con la marca Hidroself, especializada en soluciones de riego y jardiner\u00eda. En un per\u00edodo de creciente atenci\u00f3n al cuidado verde, Hidroself se distingue por sus productos innovadores y accesibles, conquistando inmediatamente el mercado gracias a la calidad y la capacidad de responder a las necesidades de los apasionados.<\/p>\n    <\/div>\n  <\/div>\n\n  <div class=\"mobile-timeline-item\">\n    <div class=\"mobile-timeline-date\">\n  2003\n    <\/div>\n    <div class=\"mobile-timeline-content\">\n      <h3>Sandokan: la respuesta a la amenaza del mosquito tigre<\/h3>\n      <p>Con el nuevo milenio, Euroequipe se enfrenta a un nuevo desaf\u00edo: la expansi\u00f3n del mosquito tigre en Italia. As\u00ed naci\u00f3 Sandokan, la marca dedicada a productos para la desinfestaci\u00f3n y protecci\u00f3n contra insectos molestos. Sandokan, que naci\u00f3 como una simple l\u00ednea de repelentes de mosquitos, ha crecido r\u00e1pidamente, ampliando su gama y convirti\u00e9ndose hoy en un punto de referencia en el sector, protegiendo las casas y los jardines italianos de intrusiones molestas.<\/p>\n    <\/div>\n  <\/div>\n\n  <div class=\"mobile-timeline-item\">\n    <div class=\"mobile-timeline-date\">\n  2015\n    <\/div>\n    <div class=\"mobile-timeline-content\">\n      <h3>Idroeasy: la innovaci\u00f3n \"Hecho en Italia\" en riego<\/h3>\n      <p>En 2015, Euroequipe revolucion\u00f3 el riego con el lanzamiento de Idroeasy, la primera marca de mangueras extensibles y ultraligeras \"Hecho en Italia\". La ligereza y practicidad de los productos conquistaron inmediatamente el mercado, simplificando el cuidado de las plantas. Con Idroeasy, Euroequipe se consolida entre los l\u00edderes del sector, combinando innovaci\u00f3n y atenci\u00f3n a las necesidades del cliente.<\/p>\n    <\/div>\n  <\/div>\n\n  <div class=\"mobile-timeline-item\">\n    <div class=\"mobile-timeline-date\">\n Hoy\n    <\/div>\n    <div class=\"mobile-timeline-content\">\n      <h3>Una realidad que mira hacia el futuro<\/h3>\n      <p>Euroequipe Srl contin\u00faa su camino de crecimiento e innovaci\u00f3n, consolid\u00e1ndose como un punto de referencia para quienes buscan soluciones eficaces, pr\u00e1cticas y de calidad en el sector del riego y el control de plagas. Con sus tres marcas, Hidroself, Sandokan e Idroeasy, la empresa representa una historia de \u00e9xito totalmente italiana, donde tradici\u00f3n e innovaci\u00f3n se fusionan para ofrecer productos excelentes.<\/p>\n    <\/div>\n  <\/div>\n<\/div>\n<\/div><div class=\"w-html hide_on_tablets hide_on_mobiles\"><div class=\"timeline\">\n    <div class=\"timeline-item\">\n      <div class=\"timeline-date\">\n        <span class=\"timeline-circle\"><\/span>\n  1983\n      <\/div>\n      <div class=\"timeline-content\">\n        <h3>El nacimiento de Hidroself<\/h3>\n        <p>En el coraz\u00f3n de Emilia-Roma\u00f1a, en la provincia de Bolonia, naci\u00f3 Euroequipe Srl. Corr\u00eda el a\u00f1o 1983 cuando la empresa debut\u00f3 con la marca Hidroself, especializada en soluciones de riego y jardiner\u00eda. En un per\u00edodo de creciente atenci\u00f3n al cuidado verde, Hidroself se distingue por sus productos innovadores y accesibles, conquistando inmediatamente el mercado gracias a la calidad y la capacidad de responder a las necesidades de los apasionados.<\/p>\n      <\/div>\n    <\/div>\n    <div class=\"timeline-item\">\n      <div class=\"timeline-date\">\n        <span class=\"timeline-circle\"><\/span>\n  2003\n      <\/div>\n      <div class=\"timeline-content\">\n        <h3>Sandokan: la respuesta a la amenaza del mosquito tigre<\/h3>\n        <p>Con el nuevo milenio, Euroequipe se enfrenta a un nuevo desaf\u00edo: la expansi\u00f3n del mosquito tigre en Italia. As\u00ed naci\u00f3 Sandokan, la marca dedicada a productos para la desinfestaci\u00f3n y protecci\u00f3n contra insectos molestos. Sandokan, que naci\u00f3 como una simple l\u00ednea de repelentes de mosquitos, ha crecido r\u00e1pidamente, ampliando su gama y convirti\u00e9ndose hoy en un punto de referencia en el sector, protegiendo las casas y los jardines italianos de intrusiones molestas.<\/p>\n      <\/div>\n    <\/div>\n    <div class=\"timeline-item\">\n      <div class=\"timeline-date\">\n        <span class=\"timeline-circle\"><\/span>\n  2015\n      <\/div>\n      <div class=\"timeline-content\">\n        <h3>Idroeasy: la innovaci\u00f3n \"Hecho en Italia\" en riego<\/h3>\n        <p>En 2015, Euroequipe revolucion\u00f3 el riego con el lanzamiento de Idroeasy, la primera marca de mangueras extensibles y ultraligeras \"Hecho en Italia\". La ligereza y practicidad de los productos conquistaron inmediatamente el mercado, simplificando el cuidado de las plantas. Con Idroeasy, Euroequipe se consolida entre los l\u00edderes del sector, combinando innovaci\u00f3n y atenci\u00f3n a las necesidades del cliente.<\/p>\n      <\/div>\n    <\/div>\n    <div class=\"timeline-item\">\n      <div class=\"timeline-date\">\n        <span class=\"timeline-circle\"><\/span>\n Hoy\n      <\/div>\n      <div class=\"timeline-content\">\n        <h3>Una realidad que mira hacia el futuro<\/h3>\n        <p>Euroequipe Srl contin\u00faa su camino de crecimiento e innovaci\u00f3n, consolid\u00e1ndose como un punto de referencia para quienes buscan soluciones eficaces, pr\u00e1cticas y de calidad en el sector del riego y el control de plagas. Con sus tres marcas, Hidroself, Sandokan e Idroeasy, la empresa representa una historia de \u00e9xito totalmente italiana, donde tradici\u00f3n e innovaci\u00f3n se fusionan para ofrecer productos excelentes.<\/p>\n      <\/div>\n    <\/div>\n  <\/div><\/div><\/div><\/div><\/div><\/div><\/section><section class=\"l-section wpb_row height_medium\"><div class=\"l-section-h i-cf\"><div class=\"g-cols vc_row via_grid cols_1 laptops-cols_inherit tablets-cols_inherit mobiles-cols_1 valign_top type_default stacking_default\"><div class=\"wpb_column vc_column_container\"><div class=\"vc_column-inner\"><div class=\"g-cols wpb_row via_grid cols_3 laptops-cols_inherit tablets-cols_inherit mobiles-cols_1 valign_top type_default stacking_default\" style=\"--columns-gap:1rem;\"><div class=\"wpb_column vc_column_container us_custom_fbd99005 us_animate_this has_bg_color\"><div class=\"vc_column-inner\"><div class=\"w-image align_center\"><div class=\"w-image-h\"><img decoding=\"async\" src=\"https:\/\/euroequipe.eu\/wp-content\/uploads\/2024\/10\/idroeasy-logo.svg\" class=\"attachment-full size-full\" alt=\"\" loading=\"lazy\" \/><\/div><\/div><\/div><\/div><div class=\"wpb_column vc_column_container us_custom_b3ce7c18 us_animate_this has_bg_color\"><div class=\"vc_column-inner\"><div class=\"w-image align_center\"><div class=\"w-image-h\"><img decoding=\"async\" src=\"https:\/\/euroequipe.eu\/wp-content\/uploads\/2024\/10\/hidroself-logo.svg\" class=\"attachment-full size-full\" alt=\"\" loading=\"lazy\" \/><\/div><\/div><\/div><\/div><div class=\"wpb_column vc_column_container us_custom_0028af05 us_animate_this has_bg_color\"><div class=\"vc_column-inner\"><div class=\"w-image align_center\"><div class=\"w-image-h\"><img decoding=\"async\" src=\"https:\/\/euroequipe.eu\/wp-content\/uploads\/2024\/10\/sandokan.svg\" class=\"attachment-full size-full\" alt=\"\" loading=\"lazy\" \/><\/div><\/div><\/div><\/div><\/div><\/div><\/div><\/div><\/div><\/section><section class=\"l-section wpb_row us_custom_7c0955b8 height_auto\"><div class=\"l-section-h i-cf\"><div class=\"g-cols vc_row via_grid cols_1 laptops-cols_inherit tablets-cols_inherit mobiles-cols_1 valign_top type_default stacking_default\"><div class=\"wpb_column vc_column_container\"><div class=\"vc_column-inner\"><div class=\"g-cols wpb_row us_custom_fa31e598 us_animate_this via_grid cols_2 laptops-cols_inherit tablets-cols_inherit mobiles-cols_1 valign_middle type_default reversed stacking_default\" style=\"--columns-gap:3rem;--laptops-columns-gap:3rem;--tablets-columns-gap:0.5rem;--mobiles-columns-gap:0.5rem;\"><div class=\"wpb_column vc_column_container us_custom_99f74c2c\"><div class=\"vc_column-inner\"><h3 class=\"w-text\"><span class=\"w-text-h\"><span class=\"w-text-value\">\u00bfEres distribuidor o profesional del sector?<\/span><\/span><\/h3><h6 class=\"w-text\"><span class=\"w-text-h\"><span class=\"w-text-value\">\u00a1Reg\u00edstrate en la tienda B2B y descubre la oferta y los descuentos que hemos pensado para los distribuidores!<\/span><\/span><\/h6><div class=\"w-btn-wrapper align_none\"><a class=\"w-btn us-btn-style_1 icon_atright\" href=\"https:\/\/euroequipe.eu\/es\/mi-cuenta\/\"><span class=\"w-btn-label\">Reg\u00edstrate\/Accede<\/span><i class=\"far fa-angle-right\"><\/i><\/a><\/div><\/div><\/div><div class=\"wpb_column vc_column_container\"><div class=\"vc_column-inner\"><div class=\"w-image us_custom_213e151c align_none\"><div class=\"w-image-h\"><img decoding=\"async\" width=\"648\" height=\"470\" src=\"https:\/\/euroequipe.eu\/wp-content\/uploads\/2024\/10\/euroequipe-img5.jpg\" class=\"attachment-full size-full\" alt=\"\" loading=\"lazy\" srcset=\"https:\/\/euroequipe.eu\/wp-content\/uploads\/2024\/10\/euroequipe-img5.jpg 648w, https:\/\/euroequipe.eu\/wp-content\/uploads\/2024\/10\/euroequipe-img5-300x218.jpg 300w, https:\/\/euroequipe.eu\/wp-content\/uploads\/2024\/10\/euroequipe-img5-600x435.jpg 600w\" sizes=\"auto, (max-width: 648px) 100vw, 648px\" \/><\/div><\/div><\/div><\/div><\/div><\/div><\/div><\/div><\/div><\/section><section class=\"l-section wpb_row us_custom_8736ade0 height_huge\"><div class=\"l-section-h i-cf\"><div class=\"g-cols vc_row via_grid cols_1 laptops-cols_inherit tablets-cols_inherit mobiles-cols_1 valign_top type_default stacking_default\"><div class=\"wpb_column vc_column_container\"><div class=\"vc_column-inner\"><div class=\"w-separator size_custom\" style=\"height:12rem\"><\/div><h4 class=\"w-text us_custom_5dddf787 has_text_color us_animate_this\"><span class=\"w-text-h\"><span class=\"w-text-value\">Innovaci\u00f3n, calidad y fiabilidad: desde 1983 junto a los profesionales para ofrecer soluciones a medida, dise\u00f1adas para mejorar cada proyecto.<\/span><\/span><\/h4><div class=\"w-separator size_medium\"><\/div><\/div><\/div><\/div><\/div><\/section>\n","protected":false},"excerpt":{"rendered":"DESCUBRENUESTRA HISTORIALos primeros pasos hacia nuestro presente 1983 El nacimiento de Hidroself En el coraz\u00f3n de Emilia-Roma\u00f1a, en la provincia de Bolonia, naci\u00f3 Euroequipe Srl. Corr\u00eda el a\u00f1o 1983 cuando la empresa debut\u00f3 con la marca Hidroself, especializada en soluciones de riego y jardiner\u00eda. En un per\u00edodo de creciente atenci\u00f3n al cuidado verde, Hidroself se...","protected":false},"author":1,"featured_media":7749,"parent":12765,"menu_order":0,"comment_status":"closed","ping_status":"closed","template":"","meta":{"_acf_changed":false,"footnotes":""},"class_list":["post-12768","page","type-page","status-publish","has-post-thumbnail","hentry"],"acf":[],"yoast_head":"<!-- This site is optimized with the Yoast SEO plugin v27.3 - https:\/\/yoast.com\/product\/yoast-seo-wordpress\/ -->\n<title>Nuestra historia - Euroequipe<\/title>\n<meta name=\"description\" content=\"Nuestra historia comienza en el coraz\u00f3n de Emilia-Roma\u00f1a, en la provincia de Bolonia, donde se fund\u00f3 Euroequipe Srl en 1983.\" \/>\n<meta name=\"robots\" content=\"index, follow, max-snippet:-1, max-image-preview:large, max-video-preview:-1\" \/>\n<link rel=\"canonical\" href=\"https:\/\/euroequipe.eu\/es\/el-grupo\/nuestra-historia\/\" \/>\n<meta property=\"og:locale\" content=\"es_ES\" \/>\n<meta property=\"og:type\" content=\"article\" \/>\n<meta property=\"og:title\" content=\"Nuestra historia - Euroequipe\" \/>\n<meta property=\"og:description\" content=\"Nuestra historia comienza en el coraz\u00f3n de Emilia-Roma\u00f1a, en la provincia de Bolonia, donde se fund\u00f3 Euroequipe Srl en 1983.\" \/>\n<meta property=\"og:url\" content=\"https:\/\/euroequipe.eu\/es\/el-grupo\/nuestra-historia\/\" \/>\n<meta property=\"og:site_name\" content=\"Euroequipe\" \/>\n<meta property=\"article:modified_time\" content=\"2025-11-24T15:10:33+00:00\" \/>\n<meta property=\"og:image\" content=\"https:\/\/euroequipe.eu\/wp-content\/uploads\/2024\/11\/Raggruppa-1395-compressed.png\" \/>\n\t<meta property=\"og:image:width\" content=\"1868\" \/>\n\t<meta property=\"og:image:height\" content=\"575\" \/>\n\t<meta property=\"og:image:type\" content=\"image\/png\" \/>\n<meta name=\"twitter:card\" content=\"summary_large_image\" \/>\n<meta name=\"twitter:label1\" content=\"Tiempo de lectura\" \/>\n\t<meta name=\"twitter:data1\" content=\"2 minutos\" \/>\n<script type=\"application\/ld+json\" class=\"yoast-schema-graph\">{\"@context\":\"https:\\\/\\\/schema.org\",\"@graph\":[{\"@type\":\"WebPage\",\"@id\":\"https:\\\/\\\/euroequipe.eu\\\/es\\\/el-grupo\\\/nuestra-historia\\\/\",\"url\":\"https:\\\/\\\/euroequipe.eu\\\/es\\\/el-grupo\\\/nuestra-historia\\\/\",\"name\":\"Nuestra historia - Euroequipe\",\"isPartOf\":{\"@id\":\"https:\\\/\\\/euroequipe.eu\\\/es\\\/#website\"},\"primaryImageOfPage\":{\"@id\":\"https:\\\/\\\/euroequipe.eu\\\/es\\\/el-grupo\\\/nuestra-historia\\\/#primaryimage\"},\"image\":{\"@id\":\"https:\\\/\\\/euroequipe.eu\\\/es\\\/el-grupo\\\/nuestra-historia\\\/#primaryimage\"},\"thumbnailUrl\":\"https:\\\/\\\/euroequipe.eu\\\/wp-content\\\/uploads\\\/2024\\\/11\\\/Raggruppa-1395-compressed.png\",\"datePublished\":\"2024-10-12T10:56:31+00:00\",\"dateModified\":\"2025-11-24T15:10:33+00:00\",\"description\":\"Nuestra historia comienza en el coraz\u00f3n de Emilia-Roma\u00f1a, en la provincia de Bolonia, donde se fund\u00f3 Euroequipe Srl en 1983.\",\"breadcrumb\":{\"@id\":\"https:\\\/\\\/euroequipe.eu\\\/es\\\/el-grupo\\\/nuestra-historia\\\/#breadcrumb\"},\"inLanguage\":\"es\",\"potentialAction\":[{\"@type\":\"ReadAction\",\"target\":[\"https:\\\/\\\/euroequipe.eu\\\/es\\\/el-grupo\\\/nuestra-historia\\\/\"]}]},{\"@type\":\"ImageObject\",\"inLanguage\":\"es\",\"@id\":\"https:\\\/\\\/euroequipe.eu\\\/es\\\/el-grupo\\\/nuestra-historia\\\/#primaryimage\",\"url\":\"https:\\\/\\\/euroequipe.eu\\\/wp-content\\\/uploads\\\/2024\\\/11\\\/Raggruppa-1395-compressed.png\",\"contentUrl\":\"https:\\\/\\\/euroequipe.eu\\\/wp-content\\\/uploads\\\/2024\\\/11\\\/Raggruppa-1395-compressed.png\",\"width\":1868,\"height\":575},{\"@type\":\"BreadcrumbList\",\"@id\":\"https:\\\/\\\/euroequipe.eu\\\/es\\\/el-grupo\\\/nuestra-historia\\\/#breadcrumb\",\"itemListElement\":[{\"@type\":\"ListItem\",\"position\":1,\"name\":\"Home\",\"item\":\"https:\\\/\\\/euroequipe.eu\\\/es\\\/\"},{\"@type\":\"ListItem\",\"position\":2,\"name\":\"El grupo\",\"item\":\"https:\\\/\\\/euroequipe.eu\\\/es\\\/el-grupo\\\/\"},{\"@type\":\"ListItem\",\"position\":3,\"name\":\"Nuestra historia\"}]},{\"@type\":\"WebSite\",\"@id\":\"https:\\\/\\\/euroequipe.eu\\\/es\\\/#website\",\"url\":\"https:\\\/\\\/euroequipe.eu\\\/es\\\/\",\"name\":\"Euroequipe srl\",\"description\":\"\",\"publisher\":{\"@id\":\"https:\\\/\\\/euroequipe.eu\\\/es\\\/#organization\"},\"potentialAction\":[{\"@type\":\"SearchAction\",\"target\":{\"@type\":\"EntryPoint\",\"urlTemplate\":\"https:\\\/\\\/euroequipe.eu\\\/es\\\/?s={search_term_string}\"},\"query-input\":{\"@type\":\"PropertyValueSpecification\",\"valueRequired\":true,\"valueName\":\"search_term_string\"}}],\"inLanguage\":\"es\"},{\"@type\":\"Organization\",\"@id\":\"https:\\\/\\\/euroequipe.eu\\\/es\\\/#organization\",\"name\":\"Euroequipe srl\",\"url\":\"https:\\\/\\\/euroequipe.eu\\\/es\\\/\",\"logo\":{\"@type\":\"ImageObject\",\"inLanguage\":\"es\",\"@id\":\"https:\\\/\\\/euroequipe.eu\\\/es\\\/#\\\/schema\\\/logo\\\/image\\\/\",\"url\":\"https:\\\/\\\/euroequipe.eu\\\/wp-content\\\/uploads\\\/2024\\\/09\\\/EuroEquipe-logo.png\",\"contentUrl\":\"https:\\\/\\\/euroequipe.eu\\\/wp-content\\\/uploads\\\/2024\\\/09\\\/EuroEquipe-logo.png\",\"width\":1024,\"height\":402,\"caption\":\"Euroequipe srl\"},\"image\":{\"@id\":\"https:\\\/\\\/euroequipe.eu\\\/es\\\/#\\\/schema\\\/logo\\\/image\\\/\"}}]}<\/script>\n<!-- \/ Yoast SEO plugin. -->","yoast_head_json":{"title":"Nuestra historia - Euroequipe","description":"Nuestra historia comienza en el coraz\u00f3n de Emilia-Roma\u00f1a, en la provincia de Bolonia, donde se fund\u00f3 Euroequipe Srl en 1983.","robots":{"index":"index","follow":"follow","max-snippet":"max-snippet:-1","max-image-preview":"max-image-preview:large","max-video-preview":"max-video-preview:-1"},"canonical":"https:\/\/euroequipe.eu\/es\/el-grupo\/nuestra-historia\/","og_locale":"es_ES","og_type":"article","og_title":"Nuestra historia - Euroequipe","og_description":"Nuestra historia comienza en el coraz\u00f3n de Emilia-Roma\u00f1a, en la provincia de Bolonia, donde se fund\u00f3 Euroequipe Srl en 1983.","og_url":"https:\/\/euroequipe.eu\/es\/el-grupo\/nuestra-historia\/","og_site_name":"Euroequipe","article_modified_time":"2025-11-24T15:10:33+00:00","og_image":[{"width":1868,"height":575,"url":"https:\/\/euroequipe.eu\/wp-content\/uploads\/2024\/11\/Raggruppa-1395-compressed.png","type":"image\/png"}],"twitter_card":"summary_large_image","twitter_misc":{"Tiempo de lectura":"2 minutos"},"schema":{"@context":"https:\/\/schema.org","@graph":[{"@type":"WebPage","@id":"https:\/\/euroequipe.eu\/es\/el-grupo\/nuestra-historia\/","url":"https:\/\/euroequipe.eu\/es\/el-grupo\/nuestra-historia\/","name":"Nuestra historia - Euroequipe","isPartOf":{"@id":"https:\/\/euroequipe.eu\/es\/#website"},"primaryImageOfPage":{"@id":"https:\/\/euroequipe.eu\/es\/el-grupo\/nuestra-historia\/#primaryimage"},"image":{"@id":"https:\/\/euroequipe.eu\/es\/el-grupo\/nuestra-historia\/#primaryimage"},"thumbnailUrl":"https:\/\/euroequipe.eu\/wp-content\/uploads\/2024\/11\/Raggruppa-1395-compressed.png","datePublished":"2024-10-12T10:56:31+00:00","dateModified":"2025-11-24T15:10:33+00:00","description":"Nuestra historia comienza en el coraz\u00f3n de Emilia-Roma\u00f1a, en la provincia de Bolonia, donde se fund\u00f3 Euroequipe Srl en 1983.","breadcrumb":{"@id":"https:\/\/euroequipe.eu\/es\/el-grupo\/nuestra-historia\/#breadcrumb"},"inLanguage":"es","potentialAction":[{"@type":"ReadAction","target":["https:\/\/euroequipe.eu\/es\/el-grupo\/nuestra-historia\/"]}]},{"@type":"ImageObject","inLanguage":"es","@id":"https:\/\/euroequipe.eu\/es\/el-grupo\/nuestra-historia\/#primaryimage","url":"https:\/\/euroequipe.eu\/wp-content\/uploads\/2024\/11\/Raggruppa-1395-compressed.png","contentUrl":"https:\/\/euroequipe.eu\/wp-content\/uploads\/2024\/11\/Raggruppa-1395-compressed.png","width":1868,"height":575},{"@type":"BreadcrumbList","@id":"https:\/\/euroequipe.eu\/es\/el-grupo\/nuestra-historia\/#breadcrumb","itemListElement":[{"@type":"ListItem","position":1,"name":"Home","item":"https:\/\/euroequipe.eu\/es\/"},{"@type":"ListItem","position":2,"name":"El grupo","item":"https:\/\/euroequipe.eu\/es\/el-grupo\/"},{"@type":"ListItem","position":3,"name":"Nuestra historia"}]},{"@type":"WebSite","@id":"https:\/\/euroequipe.eu\/es\/#website","url":"https:\/\/euroequipe.eu\/es\/","name":"Euroequipe srl","description":"","publisher":{"@id":"https:\/\/euroequipe.eu\/es\/#organization"},"potentialAction":[{"@type":"SearchAction","target":{"@type":"EntryPoint","urlTemplate":"https:\/\/euroequipe.eu\/es\/?s={search_term_string}"},"query-input":{"@type":"PropertyValueSpecification","valueRequired":true,"valueName":"search_term_string"}}],"inLanguage":"es"},{"@type":"Organization","@id":"https:\/\/euroequipe.eu\/es\/#organization","name":"Euroequipe srl","url":"https:\/\/euroequipe.eu\/es\/","logo":{"@type":"ImageObject","inLanguage":"es","@id":"https:\/\/euroequipe.eu\/es\/#\/schema\/logo\/image\/","url":"https:\/\/euroequipe.eu\/wp-content\/uploads\/2024\/09\/EuroEquipe-logo.png","contentUrl":"https:\/\/euroequipe.eu\/wp-content\/uploads\/2024\/09\/EuroEquipe-logo.png","width":1024,"height":402,"caption":"Euroequipe srl"},"image":{"@id":"https:\/\/euroequipe.eu\/es\/#\/schema\/logo\/image\/"}}]}},"_links":{"self":[{"href":"https:\/\/euroequipe.eu\/es\/wp-json\/wp\/v2\/pages\/12768","targetHints":{"allow":["GET"]}}],"collection":[{"href":"https:\/\/euroequipe.eu\/es\/wp-json\/wp\/v2\/pages"}],"about":[{"href":"https:\/\/euroequipe.eu\/es\/wp-json\/wp\/v2\/types\/page"}],"author":[{"embeddable":true,"href":"https:\/\/euroequipe.eu\/es\/wp-json\/wp\/v2\/users\/1"}],"replies":[{"embeddable":true,"href":"https:\/\/euroequipe.eu\/es\/wp-json\/wp\/v2\/comments?post=12768"}],"version-history":[{"count":0,"href":"https:\/\/euroequipe.eu\/es\/wp-json\/wp\/v2\/pages\/12768\/revisions"}],"up":[{"embeddable":true,"href":"https:\/\/euroequipe.eu\/es\/wp-json\/wp\/v2\/pages\/12765"}],"wp:featuredmedia":[{"embeddable":true,"href":"https:\/\/euroequipe.eu\/es\/wp-json\/wp\/v2\/media\/7749"}],"wp:attachment":[{"href":"https:\/\/euroequipe.eu\/es\/wp-json\/wp\/v2\/media?parent=12768"}],"curies":[{"name":"wp","href":"https:\/\/api.w.org\/{rel}","templated":true}]}}