{"id":12756,"date":"2024-10-12T14:48:45","date_gmt":"2024-10-12T12:48:45","guid":{"rendered":"https:\/\/euroequipe.eu\/nuestros-productos\/"},"modified":"2025-11-24T16:28:25","modified_gmt":"2025-11-24T15:28:25","slug":"nuestros-productos","status":"publish","type":"page","link":"https:\/\/euroequipe.eu\/es\/nuestros-productos\/","title":{"rendered":"Nuestros productos"},"content":{"rendered":"<section class=\"l-section wpb_row us_custom_ac0ca196 height_small width_full\"><div class=\"l-section-h i-cf\"><div class=\"g-cols vc_row via_grid cols_1 laptops-cols_inherit tablets-cols_inherit mobiles-cols_1 valign_middle type_default stacking_default\"><div class=\"wpb_column vc_column_container us_custom_5bfd1f1a us_animate_this has_bg_color\"><div class=\"vc_column-inner\"><div class=\"w-text us_custom_7ca35d41 has_text_color\"><span class=\"w-text-h\"><span class=\"w-text-value\">DESCUBRE<\/span><\/span><\/div><h1 class=\"w-text us_custom_9340612f has_text_color\"><span class=\"w-text-h\"><span class=\"w-text-value\">NUESTROS PRODUCTOS<\/span><\/span><\/h1><h4 class=\"w-text us_custom_d44d8758 has_text_color\"><span class=\"w-text-h\"><span class=\"w-text-value\">Soluciones a medida para cada necesidad<\/span><\/span><\/h4><\/div><\/div><\/div><\/div><\/section><section class=\"l-section wpb_row us_custom_d77bca1a us_animate_this height_large\"><div class=\"l-section-h i-cf\"><div class=\"g-cols vc_row via_grid cols_1 laptops-cols_inherit tablets-cols_inherit mobiles-cols_1 valign_top type_default stacking_default\"><div class=\"wpb_column vc_column_container\"><div class=\"vc_column-inner\"><h3 class=\"w-text us_custom_a9d12335\"><span class=\"w-text-h\"><span class=\"w-text-value\">Descubra la gama completa de soluciones para riego, desinsectaci\u00f3n y jardiner\u00eda, dise\u00f1adas para satisfacer las necesidades de particulares y profesionales.<\/span><\/span><\/h3><div class=\"w-separator size_medium\"><\/div><div class=\"w-text us_custom_5698f04d\"><span class=\"w-text-h\"><span class=\"w-text-value\">Visita los sitios dedicados de cada marca para explorar toda la oferta, descargar los cat\u00e1logos actualizados para descubrir todas las novedades y acceder a nuestro e-commerce B2B para aprovechar soluciones exclusivas reservadas a los minoristas.<\/span><\/span><\/div><div class=\"w-separator size_medium\"><\/div><div class=\"g-cols wpb_row via_grid cols_2 laptops-cols_inherit tablets-cols_inherit mobiles-cols_1 valign_bottom type_default stacking_default\" style=\"--columns-gap:0.5rem;\"><div class=\"wpb_column vc_column_container us_custom_1fb4312c has_text_color us_animate_this has_bg_color\"><div class=\"vc_column-overlay\" style=\"background:rgba(0,0,0,0.30)\"><\/div><div class=\"vc_column-inner\"><h3 class=\"w-text us_custom_9c869393\"><span class=\"w-text-h\"><span class=\"w-text-value\">Descubra nuestros productos dedicados al riego<\/span><\/span><\/h3><div class=\"w-btn-wrapper align_none\"><a class=\"w-btn us-btn-style_1 icon_atright\" href=\"https:\/\/euroequipe.eu\/es\/tienda\/?filtri_product_cat=riego\"><span class=\"w-btn-label\">Productos de riego<\/span><i class=\"far fa-angle-right\"><\/i><\/a><\/div><\/div><\/div><div class=\"wpb_column vc_column_container us_custom_d0b82a60 has_text_color us_animate_this has_bg_color\"><div class=\"vc_column-overlay\" style=\"background:rgba(0,0,0,0.30)\"><\/div><div class=\"vc_column-inner\"><h3 class=\"w-text us_custom_9c869393\"><span class=\"w-text-h\"><span class=\"w-text-value\">Descubra nuestros productos de control de plagas<\/span><\/span><\/h3><div class=\"w-btn-wrapper align_none\"><a class=\"w-btn us-btn-style_1 icon_atright\" href=\"https:\/\/euroequipe.eu\/es\/tienda\/?filtri_product_cat=disinfestacion\"><span class=\"w-btn-label\">Productos para el control de plagas<\/span><i class=\"far fa-angle-right\"><\/i><\/a><\/div><\/div><\/div><\/div><\/div><\/div><\/div><\/div><\/section><section class=\"l-section wpb_row us_custom_ad3a1529 height_large width_custom\" style=\"--site-content-width:1200px;\"><div class=\"l-section-h i-cf\"><div class=\"g-cols vc_row via_grid cols_1 laptops-cols_inherit tablets-cols_inherit mobiles-cols_1 valign_middle type_default stacking_default\"><div class=\"wpb_column vc_column_container\"><div class=\"vc_column-inner\"><div class=\"g-cols wpb_row us_custom_49ca822d us_animate_this via_grid cols_2 laptops-cols_inherit tablets-cols_1 mobiles-cols_1 valign_middle type_default reversed stacking_default\" style=\"--columns-gap:3rem;--laptops-columns-gap:3rem;--tablets-columns-gap:0.5rem;--mobiles-columns-gap:0.5rem;\"><div class=\"wpb_column vc_column_container us_custom_99f74c2c\"><div class=\"vc_column-inner\"><h3 class=\"w-text\"><span class=\"w-text-h\"><span class=\"w-text-value\">\u00bfEres distribuidor o profesional del sector?<\/span><\/span><\/h3><h6 class=\"w-text\"><span class=\"w-text-h\"><span class=\"w-text-value\">\u00a1Reg\u00edstrate en la tienda B2B y descubre la oferta y los descuentos que hemos pensado para los distribuidores!<\/span><\/span><\/h6><h6 class=\"w-text\"><span class=\"w-text-h\"><span class=\"w-text-value\">Los minoristas registrados encontrar\u00e1n en su \u00e1rea reservada todo el material necesario para la promoci\u00f3n y venta de nuestros productos en sus tiendas o e-shops.<\/span><\/span><\/h6><\/div><\/div><div class=\"wpb_column vc_column_container us_custom_4c4ce1d1\"><div class=\"vc_column-inner\"><div class=\"w-image us_custom_179917e4 img-cta has_height align_none\"><div class=\"w-image-h\"><img decoding=\"async\" width=\"745\" height=\"578\" src=\"https:\/\/euroequipe.eu\/wp-content\/uploads\/2024\/10\/euroequipe-img3.jpg\" class=\"attachment-full size-full\" alt=\"\" loading=\"lazy\" srcset=\"https:\/\/euroequipe.eu\/wp-content\/uploads\/2024\/10\/euroequipe-img3.jpg 745w, https:\/\/euroequipe.eu\/wp-content\/uploads\/2024\/10\/euroequipe-img3-300x233.jpg 300w, https:\/\/euroequipe.eu\/wp-content\/uploads\/2024\/10\/euroequipe-img3-600x466.jpg 600w\" sizes=\"auto, (max-width: 745px) 100vw, 745px\" \/><\/div><\/div><div class=\"w-btn-wrapper align_none\"><a class=\"w-btn us-btn-style_1 us_custom_5de5c3a0 icon_atright\" href=\"https:\/\/euroequipe.eu\/es\/account\"><span class=\"w-btn-label\">Inscribirse<\/span><i class=\"far fa-angle-right\"><\/i><\/a><\/div><\/div><\/div><\/div><\/div><\/div><\/div><\/div><\/section>\n","protected":false},"excerpt":{"rendered":"DESCUBRENUESTROS PRODUCTOSSoluciones a medida para cada necesidadDescubra la gama completa de soluciones para riego, desinsectaci\u00f3n y jardiner\u00eda, dise\u00f1adas para satisfacer las necesidades de particulares y profesionales.Visita los sitios dedicados de cada marca para explorar toda la oferta, descargar los cat\u00e1logos actualizados para descubrir todas las novedades y acceder a nuestro e-commerce B2B para aprovechar soluciones...","protected":false},"author":1,"featured_media":7749,"parent":0,"menu_order":0,"comment_status":"closed","ping_status":"closed","template":"","meta":{"_acf_changed":false,"footnotes":""},"class_list":["post-12756","page","type-page","status-publish","has-post-thumbnail","hentry"],"acf":[],"yoast_head":"<!-- This site is optimized with the Yoast SEO plugin v27.3 - https:\/\/yoast.com\/product\/yoast-seo-wordpress\/ -->\n<title>Nuestros productos - Euroequipe<\/title>\n<meta name=\"robots\" content=\"index, follow, max-snippet:-1, max-image-preview:large, max-video-preview:-1\" \/>\n<link rel=\"canonical\" href=\"https:\/\/euroequipe.eu\/es\/nuestros-productos\/\" \/>\n<meta property=\"og:locale\" content=\"es_ES\" \/>\n<meta property=\"og:type\" content=\"article\" \/>\n<meta property=\"og:title\" content=\"Nuestros productos - Euroequipe\" \/>\n<meta property=\"og:url\" content=\"https:\/\/euroequipe.eu\/es\/nuestros-productos\/\" \/>\n<meta property=\"og:site_name\" content=\"Euroequipe\" \/>\n<meta property=\"article:modified_time\" content=\"2025-11-24T15:28:25+00:00\" \/>\n<meta property=\"og:image\" content=\"https:\/\/euroequipe.eu\/wp-content\/uploads\/2024\/11\/Raggruppa-1395-compressed.png\" \/>\n\t<meta property=\"og:image:width\" content=\"1868\" \/>\n\t<meta property=\"og:image:height\" content=\"575\" \/>\n\t<meta property=\"og:image:type\" content=\"image\/png\" \/>\n<meta name=\"twitter:card\" content=\"summary_large_image\" \/>\n<meta name=\"twitter:label1\" content=\"Tiempo de lectura\" \/>\n\t<meta name=\"twitter:data1\" content=\"2 minutos\" \/>\n<script type=\"application\/ld+json\" class=\"yoast-schema-graph\">{\"@context\":\"https:\\\/\\\/schema.org\",\"@graph\":[{\"@type\":\"WebPage\",\"@id\":\"https:\\\/\\\/euroequipe.eu\\\/es\\\/nuestros-productos\\\/\",\"url\":\"https:\\\/\\\/euroequipe.eu\\\/es\\\/nuestros-productos\\\/\",\"name\":\"Nuestros productos - Euroequipe\",\"isPartOf\":{\"@id\":\"https:\\\/\\\/euroequipe.eu\\\/es\\\/#website\"},\"primaryImageOfPage\":{\"@id\":\"https:\\\/\\\/euroequipe.eu\\\/es\\\/nuestros-productos\\\/#primaryimage\"},\"image\":{\"@id\":\"https:\\\/\\\/euroequipe.eu\\\/es\\\/nuestros-productos\\\/#primaryimage\"},\"thumbnailUrl\":\"https:\\\/\\\/euroequipe.eu\\\/wp-content\\\/uploads\\\/2024\\\/11\\\/Raggruppa-1395-compressed.png\",\"datePublished\":\"2024-10-12T12:48:45+00:00\",\"dateModified\":\"2025-11-24T15:28:25+00:00\",\"breadcrumb\":{\"@id\":\"https:\\\/\\\/euroequipe.eu\\\/es\\\/nuestros-productos\\\/#breadcrumb\"},\"inLanguage\":\"es\",\"potentialAction\":[{\"@type\":\"ReadAction\",\"target\":[\"https:\\\/\\\/euroequipe.eu\\\/es\\\/nuestros-productos\\\/\"]}]},{\"@type\":\"ImageObject\",\"inLanguage\":\"es\",\"@id\":\"https:\\\/\\\/euroequipe.eu\\\/es\\\/nuestros-productos\\\/#primaryimage\",\"url\":\"https:\\\/\\\/euroequipe.eu\\\/wp-content\\\/uploads\\\/2024\\\/11\\\/Raggruppa-1395-compressed.png\",\"contentUrl\":\"https:\\\/\\\/euroequipe.eu\\\/wp-content\\\/uploads\\\/2024\\\/11\\\/Raggruppa-1395-compressed.png\",\"width\":1868,\"height\":575},{\"@type\":\"BreadcrumbList\",\"@id\":\"https:\\\/\\\/euroequipe.eu\\\/es\\\/nuestros-productos\\\/#breadcrumb\",\"itemListElement\":[{\"@type\":\"ListItem\",\"position\":1,\"name\":\"Home\",\"item\":\"https:\\\/\\\/euroequipe.eu\\\/es\\\/\"},{\"@type\":\"ListItem\",\"position\":2,\"name\":\"Nuestros productos\"}]},{\"@type\":\"WebSite\",\"@id\":\"https:\\\/\\\/euroequipe.eu\\\/es\\\/#website\",\"url\":\"https:\\\/\\\/euroequipe.eu\\\/es\\\/\",\"name\":\"Euroequipe srl\",\"description\":\"\",\"publisher\":{\"@id\":\"https:\\\/\\\/euroequipe.eu\\\/es\\\/#organization\"},\"potentialAction\":[{\"@type\":\"SearchAction\",\"target\":{\"@type\":\"EntryPoint\",\"urlTemplate\":\"https:\\\/\\\/euroequipe.eu\\\/es\\\/?s={search_term_string}\"},\"query-input\":{\"@type\":\"PropertyValueSpecification\",\"valueRequired\":true,\"valueName\":\"search_term_string\"}}],\"inLanguage\":\"es\"},{\"@type\":\"Organization\",\"@id\":\"https:\\\/\\\/euroequipe.eu\\\/es\\\/#organization\",\"name\":\"Euroequipe srl\",\"url\":\"https:\\\/\\\/euroequipe.eu\\\/es\\\/\",\"logo\":{\"@type\":\"ImageObject\",\"inLanguage\":\"es\",\"@id\":\"https:\\\/\\\/euroequipe.eu\\\/es\\\/#\\\/schema\\\/logo\\\/image\\\/\",\"url\":\"https:\\\/\\\/euroequipe.eu\\\/wp-content\\\/uploads\\\/2024\\\/09\\\/EuroEquipe-logo.png\",\"contentUrl\":\"https:\\\/\\\/euroequipe.eu\\\/wp-content\\\/uploads\\\/2024\\\/09\\\/EuroEquipe-logo.png\",\"width\":1024,\"height\":402,\"caption\":\"Euroequipe srl\"},\"image\":{\"@id\":\"https:\\\/\\\/euroequipe.eu\\\/es\\\/#\\\/schema\\\/logo\\\/image\\\/\"}}]}<\/script>\n<!-- \/ Yoast SEO plugin. -->","yoast_head_json":{"title":"Nuestros productos - Euroequipe","robots":{"index":"index","follow":"follow","max-snippet":"max-snippet:-1","max-image-preview":"max-image-preview:large","max-video-preview":"max-video-preview:-1"},"canonical":"https:\/\/euroequipe.eu\/es\/nuestros-productos\/","og_locale":"es_ES","og_type":"article","og_title":"Nuestros productos - Euroequipe","og_url":"https:\/\/euroequipe.eu\/es\/nuestros-productos\/","og_site_name":"Euroequipe","article_modified_time":"2025-11-24T15:28:25+00:00","og_image":[{"width":1868,"height":575,"url":"https:\/\/euroequipe.eu\/wp-content\/uploads\/2024\/11\/Raggruppa-1395-compressed.png","type":"image\/png"}],"twitter_card":"summary_large_image","twitter_misc":{"Tiempo de lectura":"2 minutos"},"schema":{"@context":"https:\/\/schema.org","@graph":[{"@type":"WebPage","@id":"https:\/\/euroequipe.eu\/es\/nuestros-productos\/","url":"https:\/\/euroequipe.eu\/es\/nuestros-productos\/","name":"Nuestros productos - Euroequipe","isPartOf":{"@id":"https:\/\/euroequipe.eu\/es\/#website"},"primaryImageOfPage":{"@id":"https:\/\/euroequipe.eu\/es\/nuestros-productos\/#primaryimage"},"image":{"@id":"https:\/\/euroequipe.eu\/es\/nuestros-productos\/#primaryimage"},"thumbnailUrl":"https:\/\/euroequipe.eu\/wp-content\/uploads\/2024\/11\/Raggruppa-1395-compressed.png","datePublished":"2024-10-12T12:48:45+00:00","dateModified":"2025-11-24T15:28:25+00:00","breadcrumb":{"@id":"https:\/\/euroequipe.eu\/es\/nuestros-productos\/#breadcrumb"},"inLanguage":"es","potentialAction":[{"@type":"ReadAction","target":["https:\/\/euroequipe.eu\/es\/nuestros-productos\/"]}]},{"@type":"ImageObject","inLanguage":"es","@id":"https:\/\/euroequipe.eu\/es\/nuestros-productos\/#primaryimage","url":"https:\/\/euroequipe.eu\/wp-content\/uploads\/2024\/11\/Raggruppa-1395-compressed.png","contentUrl":"https:\/\/euroequipe.eu\/wp-content\/uploads\/2024\/11\/Raggruppa-1395-compressed.png","width":1868,"height":575},{"@type":"BreadcrumbList","@id":"https:\/\/euroequipe.eu\/es\/nuestros-productos\/#breadcrumb","itemListElement":[{"@type":"ListItem","position":1,"name":"Home","item":"https:\/\/euroequipe.eu\/es\/"},{"@type":"ListItem","position":2,"name":"Nuestros productos"}]},{"@type":"WebSite","@id":"https:\/\/euroequipe.eu\/es\/#website","url":"https:\/\/euroequipe.eu\/es\/","name":"Euroequipe srl","description":"","publisher":{"@id":"https:\/\/euroequipe.eu\/es\/#organization"},"potentialAction":[{"@type":"SearchAction","target":{"@type":"EntryPoint","urlTemplate":"https:\/\/euroequipe.eu\/es\/?s={search_term_string}"},"query-input":{"@type":"PropertyValueSpecification","valueRequired":true,"valueName":"search_term_string"}}],"inLanguage":"es"},{"@type":"Organization","@id":"https:\/\/euroequipe.eu\/es\/#organization","name":"Euroequipe srl","url":"https:\/\/euroequipe.eu\/es\/","logo":{"@type":"ImageObject","inLanguage":"es","@id":"https:\/\/euroequipe.eu\/es\/#\/schema\/logo\/image\/","url":"https:\/\/euroequipe.eu\/wp-content\/uploads\/2024\/09\/EuroEquipe-logo.png","contentUrl":"https:\/\/euroequipe.eu\/wp-content\/uploads\/2024\/09\/EuroEquipe-logo.png","width":1024,"height":402,"caption":"Euroequipe srl"},"image":{"@id":"https:\/\/euroequipe.eu\/es\/#\/schema\/logo\/image\/"}}]}},"_links":{"self":[{"href":"https:\/\/euroequipe.eu\/es\/wp-json\/wp\/v2\/pages\/12756","targetHints":{"allow":["GET"]}}],"collection":[{"href":"https:\/\/euroequipe.eu\/es\/wp-json\/wp\/v2\/pages"}],"about":[{"href":"https:\/\/euroequipe.eu\/es\/wp-json\/wp\/v2\/types\/page"}],"author":[{"embeddable":true,"href":"https:\/\/euroequipe.eu\/es\/wp-json\/wp\/v2\/users\/1"}],"replies":[{"embeddable":true,"href":"https:\/\/euroequipe.eu\/es\/wp-json\/wp\/v2\/comments?post=12756"}],"version-history":[{"count":0,"href":"https:\/\/euroequipe.eu\/es\/wp-json\/wp\/v2\/pages\/12756\/revisions"}],"wp:featuredmedia":[{"embeddable":true,"href":"https:\/\/euroequipe.eu\/es\/wp-json\/wp\/v2\/media\/7749"}],"wp:attachment":[{"href":"https:\/\/euroequipe.eu\/es\/wp-json\/wp\/v2\/media?parent=12756"}],"curies":[{"name":"wp","href":"https:\/\/api.w.org\/{rel}","templated":true}]}}