{"id":12734,"date":"2024-10-12T15:51:41","date_gmt":"2024-10-12T13:51:41","guid":{"rendered":"https:\/\/euroequipe.eu\/contactos\/"},"modified":"2025-11-14T17:40:50","modified_gmt":"2025-11-14T16:40:50","slug":"contactos","status":"publish","type":"page","link":"https:\/\/euroequipe.eu\/es\/contactos\/","title":{"rendered":"Contactos"},"content":{"rendered":"<section class=\"l-section wpb_row height_medium\"><div class=\"l-section-h i-cf\"><div class=\"g-cols vc_row via_grid cols_1 laptops-cols_inherit tablets-cols_inherit mobiles-cols_1 valign_top type_default stacking_default\"><div class=\"wpb_column vc_column_container\"><div class=\"vc_column-inner\"><h1 class=\"w-text us_custom_b4851f87 us_animate_this\"><span class=\"w-text-h\"><span class=\"w-text-value\">CONTACTOS<\/span><\/span><\/h1><div class=\"w-separator size_small\"><\/div><div class=\"g-cols wpb_row via_grid cols_2-3 laptops-cols_inherit tablets-cols_1 mobiles-cols_1 valign_top type_default stacking_default\" style=\"--columns-gap:1rem;\"><div class=\"wpb_column vc_column_container us_custom_8a58fc8a us_animate_this has_bg_color\"><div class=\"vc_column-inner\"><h3 class=\"w-text us_custom_c901145c\"><span class=\"w-text-h\"><span class=\"w-text-value\">Contactos<\/span><\/span><\/h3><div class=\"w-separator size_huge\"><\/div><div class=\"wpb_text_column\"><div class=\"wpb_wrapper\"><p><strong>Direcci\u00f2n<br \/>\n<\/strong>V\u00eda del Lavoro 1, 40053 Crespellano BO<\/p>\n<p><strong>Tel\u00e9fono<br \/>\n<\/strong>+39 051 734808<\/p>\n<p><strong>Horario de apertura<br \/>\n<\/strong>08:45 \u2013 12:45 \/ 14:00 \u2013 18:00<\/p>\n<p><strong>Correo electr\u00f3nico<br \/>\n<\/strong>euroequipe@euroequipe.com<\/p>\n<\/div><\/div><\/div><\/div><div class=\"wpb_column vc_column_container us_custom_311d4d1f us_animate_this has_bg_color\"><div class=\"vc_column-inner\"><h3 class=\"w-text us_custom_c901145c\"><span class=\"w-text-h\"><span class=\"w-text-value\">Formulario de contacto para profesionales<\/span><\/span><\/h3><h6 class=\"w-text\"><span class=\"w-text-h\"><span class=\"w-text-value\">\u00a1Rellena el formulario y nos pondremos en contacto contigo!<\/span><\/span><\/h6><div class=\"w-separator size_small\"><\/div><form class=\"w-form  us-field-style_1 layout_ver show_message_after_sending for_cform us_form_1 validate_by_recaptcha\" action=\"https:\/\/euroequipe.eu\/es\/wp-json\/wp\/v2\/pages\/12734\" method=\"post\"><div class=\"w-form-h\"><div class=\"w-form-row for_text has_label move_label required cols_3\">\r\n\t\t\t<div class=\"w-form-row-label\">\r\n\t\t\t<span>Nombre *<\/span>\r\n\t\t<\/div>\r\n\t\t<div class=\"w-form-row-field\">\r\n\t\t\t\t\t\t<input aria-label=\"Nombre\" type=\"text\" name=\"us_form_1_text_1\" value placeholder data-required=\"true\" aria-required=\"true\"\/>\r\n\t\t\t<\/div>\r\n\t\t<div class=\"w-form-row-state\">Rellena este campo<\/div>\r\n<\/div>\r\n<div class=\"w-form-row for_text has_label move_label required cols_3\">\r\n\t\t\t<div class=\"w-form-row-label\">\r\n\t\t\t<span>Apellido *<\/span>\r\n\t\t<\/div>\r\n\t\t<div class=\"w-form-row-field\">\r\n\t\t\t\t\t\t<input aria-label=\"Apellido\" type=\"text\" name=\"us_form_1_text_2\" value placeholder data-required=\"true\" aria-required=\"true\"\/>\r\n\t\t\t<\/div>\r\n\t\t<div class=\"w-form-row-state\">Rellena este campo<\/div>\r\n<\/div>\r\n<div class=\"w-form-row for_email has_label move_label required cols_3\">\r\n\t\t\t<div class=\"w-form-row-label\">\r\n\t\t\t<span>Email *<\/span>\r\n\t\t<\/div>\r\n\t\t<div class=\"w-form-row-field\">\r\n\t\t\t\t\t\t<input aria-label=\"Email\" type=\"email\" name=\"us_form_1_email_1\" value placeholder data-required=\"true\" aria-required=\"true\"\/>\r\n\t\t\t<\/div>\r\n\t\t<div class=\"w-form-row-state\">Por favor, introduce una direcci\u00f3n de correo electr\u00f3nico v\u00e1lida.<\/div>\r\n<\/div>\r\n<div class=\"w-form-row for_textarea has_label move_label required\">\r\n\t\t\t<div class=\"w-form-row-label\">\r\n\t\t\t<span>Mensaje *<\/span>\r\n\t\t<\/div>\r\n\t\t<div class=\"w-form-row-field\">\r\n\t\t\t\t\t\t<textarea aria-label=\"Mensaje\" name=\"us_form_1_textarea_1\" placeholder data-required=\"true\" aria-required=\"true\"><\/textarea>\r\n\t\t\t<\/div>\r\n\t\t<div class=\"w-form-row-state\">Rellena este campo<\/div>\r\n<\/div>\r\n<div class=\"w-form-row for_agreement required\">\r\n\t\t<div class=\"w-form-row-field\">\r\n\t\t\t\t<label>\r\n\t\t\t<input type=\"checkbox\" value=\"1\" data-required=\"true\" aria-required=\"true\" name=\"us_form_1_agreement_1\"\/>\r\n\t\t\t<span> Tras haber le\u00eddo la Pol\u00edtica de Privacidad, doy mi consentimiento para el tratamiento de mis datos personales de conformidad con el art\u00edculo 13 del Reglamento (UE) 2016\/679 <\/span>\r\n\t\t<\/label>\r\n\t\t\t<\/div>\r\n\t\t<div class=\"w-form-row-state\">Tienes que aprobar los t\u00e9rminos para continuar<\/div>\r\n<\/div>\r\n<input type=\"hidden\" name=\"action\" value=\"us_ajax_cform\" \/>\r\n<input type=\"hidden\" name=\"post_id\" value=\"0\" \/>\r\n<input type=\"hidden\" name=\"form_index\" value=\"1\" \/>\r\n<div class=\"w-form-row for_recaptcha_text\">Protected by reCAPTCHA - Google <a href=\"https:\/\/policies.google.com\/privacy\" target=\"_blank\">Privacy Policy<\/a> & <a href=\"https:\/\/policies.google.com\/terms\" target=\"_blank\">Terms of Service<\/a><\/div><div class=\"w-form-row for_submit align_justify\">\r\n\t<button class=\"w-btn  us-btn-style_1\" aria-label=\"Enviar\" type=\"submit\">\r\n\t\t<span class=\"g-preloader type_1\"><\/span>\r\n\t\t\t\t<span class=\"w-btn-label\">Enviar<\/span>\r\n\t\t\t<\/button>\r\n\t<\/div>\r\n<\/div><div class=\"w-form-message\"><\/div><div class=\"w-form-json hidden\" onclick='return {&quot;ajaxurl&quot;:&quot;https:\\\/\\\/euroequipe.eu\\\/wp-admin\\\/admin-ajax.php&quot;,&quot;messages&quot;:{&quot;err_empty&quot;:&quot;Rellena este campo&quot;,&quot;err_size&quot;:&quot;El tama\\u00f1o del archivo no puede exceder %s MB&quot;,&quot;err_extension&quot;:&quot;El tipo de archivo %s no est\\u00e1 permitido&quot;,&quot;err_recaptcha_keys&quot;:&quot;Las claves de reCAPTCHA son incorrectas&quot;},&quot;recaptcha_site_key&quot;:&quot;6LcLvwwsAAAAAGYyFfC3KRePo2P3gMpqWWRdxOe0&quot;}'><\/div><\/form><\/div><\/div><\/div><\/div><\/div><\/div><\/div><\/section>\n","protected":false},"excerpt":{"rendered":"CONTACTOSContactosDirecci\u00f2n V\u00eda del Lavoro 1, 40053 Crespellano BO Tel\u00e9fono +39 051 734808 Horario de apertura 08:45 \u2013 12:45 \/ 14:00 \u2013 18:00 Correo electr\u00f3nico euroequipe@euroequipe.com Formulario de contacto para profesionales\u00a1Rellena el formulario y nos pondremos en contacto contigo! Nombre * Rellena este campo Apellido * Rellena este campo Email * Por favor, introduce una direcci\u00f3n...","protected":false},"author":1,"featured_media":7635,"parent":0,"menu_order":0,"comment_status":"closed","ping_status":"closed","template":"","meta":{"_acf_changed":false,"footnotes":""},"class_list":["post-12734","page","type-page","status-publish","has-post-thumbnail","hentry"],"acf":[],"yoast_head":"<!-- This site is optimized with the Yoast SEO plugin v27.3 - https:\/\/yoast.com\/product\/yoast-seo-wordpress\/ -->\n<title>Contactos - Euroequipe<\/title>\n<meta name=\"robots\" content=\"index, follow, max-snippet:-1, max-image-preview:large, max-video-preview:-1\" \/>\n<link rel=\"canonical\" href=\"https:\/\/euroequipe.eu\/es\/contactos\/\" \/>\n<meta property=\"og:locale\" content=\"es_ES\" \/>\n<meta property=\"og:type\" content=\"article\" \/>\n<meta property=\"og:title\" content=\"Contactos - Euroequipe\" \/>\n<meta property=\"og:url\" content=\"https:\/\/euroequipe.eu\/es\/contactos\/\" \/>\n<meta property=\"og:site_name\" content=\"Euroequipe\" \/>\n<meta property=\"article:modified_time\" content=\"2025-11-14T16:40:50+00:00\" \/>\n<meta property=\"og:image\" content=\"https:\/\/euroequipe.eu\/wp-content\/uploads\/2024\/10\/euroequipe-sede.jpg\" \/>\n\t<meta property=\"og:image:width\" content=\"1844\" \/>\n\t<meta property=\"og:image:height\" content=\"556\" \/>\n\t<meta property=\"og:image:type\" content=\"image\/jpeg\" \/>\n<meta name=\"twitter:card\" content=\"summary_large_image\" \/>\n<meta name=\"twitter:label1\" content=\"Tiempo de lectura\" \/>\n\t<meta name=\"twitter:data1\" content=\"4 minutos\" \/>\n<script type=\"application\/ld+json\" class=\"yoast-schema-graph\">{\"@context\":\"https:\\\/\\\/schema.org\",\"@graph\":[{\"@type\":\"WebPage\",\"@id\":\"https:\\\/\\\/euroequipe.eu\\\/es\\\/contactos\\\/\",\"url\":\"https:\\\/\\\/euroequipe.eu\\\/es\\\/contactos\\\/\",\"name\":\"Contactos - Euroequipe\",\"isPartOf\":{\"@id\":\"https:\\\/\\\/euroequipe.eu\\\/es\\\/#website\"},\"primaryImageOfPage\":{\"@id\":\"https:\\\/\\\/euroequipe.eu\\\/es\\\/contactos\\\/#primaryimage\"},\"image\":{\"@id\":\"https:\\\/\\\/euroequipe.eu\\\/es\\\/contactos\\\/#primaryimage\"},\"thumbnailUrl\":\"https:\\\/\\\/euroequipe.eu\\\/wp-content\\\/uploads\\\/2024\\\/10\\\/euroequipe-sede.jpg\",\"datePublished\":\"2024-10-12T13:51:41+00:00\",\"dateModified\":\"2025-11-14T16:40:50+00:00\",\"breadcrumb\":{\"@id\":\"https:\\\/\\\/euroequipe.eu\\\/es\\\/contactos\\\/#breadcrumb\"},\"inLanguage\":\"es\",\"potentialAction\":[{\"@type\":\"ReadAction\",\"target\":[\"https:\\\/\\\/euroequipe.eu\\\/es\\\/contactos\\\/\"]}]},{\"@type\":\"ImageObject\",\"inLanguage\":\"es\",\"@id\":\"https:\\\/\\\/euroequipe.eu\\\/es\\\/contactos\\\/#primaryimage\",\"url\":\"https:\\\/\\\/euroequipe.eu\\\/wp-content\\\/uploads\\\/2024\\\/10\\\/euroequipe-sede.jpg\",\"contentUrl\":\"https:\\\/\\\/euroequipe.eu\\\/wp-content\\\/uploads\\\/2024\\\/10\\\/euroequipe-sede.jpg\",\"width\":1844,\"height\":556},{\"@type\":\"BreadcrumbList\",\"@id\":\"https:\\\/\\\/euroequipe.eu\\\/es\\\/contactos\\\/#breadcrumb\",\"itemListElement\":[{\"@type\":\"ListItem\",\"position\":1,\"name\":\"Home\",\"item\":\"https:\\\/\\\/euroequipe.eu\\\/es\\\/\"},{\"@type\":\"ListItem\",\"position\":2,\"name\":\"Contactos\"}]},{\"@type\":\"WebSite\",\"@id\":\"https:\\\/\\\/euroequipe.eu\\\/es\\\/#website\",\"url\":\"https:\\\/\\\/euroequipe.eu\\\/es\\\/\",\"name\":\"Euroequipe srl\",\"description\":\"\",\"publisher\":{\"@id\":\"https:\\\/\\\/euroequipe.eu\\\/es\\\/#organization\"},\"potentialAction\":[{\"@type\":\"SearchAction\",\"target\":{\"@type\":\"EntryPoint\",\"urlTemplate\":\"https:\\\/\\\/euroequipe.eu\\\/es\\\/?s={search_term_string}\"},\"query-input\":{\"@type\":\"PropertyValueSpecification\",\"valueRequired\":true,\"valueName\":\"search_term_string\"}}],\"inLanguage\":\"es\"},{\"@type\":\"Organization\",\"@id\":\"https:\\\/\\\/euroequipe.eu\\\/es\\\/#organization\",\"name\":\"Euroequipe srl\",\"url\":\"https:\\\/\\\/euroequipe.eu\\\/es\\\/\",\"logo\":{\"@type\":\"ImageObject\",\"inLanguage\":\"es\",\"@id\":\"https:\\\/\\\/euroequipe.eu\\\/es\\\/#\\\/schema\\\/logo\\\/image\\\/\",\"url\":\"https:\\\/\\\/euroequipe.eu\\\/wp-content\\\/uploads\\\/2024\\\/09\\\/EuroEquipe-logo.png\",\"contentUrl\":\"https:\\\/\\\/euroequipe.eu\\\/wp-content\\\/uploads\\\/2024\\\/09\\\/EuroEquipe-logo.png\",\"width\":1024,\"height\":402,\"caption\":\"Euroequipe srl\"},\"image\":{\"@id\":\"https:\\\/\\\/euroequipe.eu\\\/es\\\/#\\\/schema\\\/logo\\\/image\\\/\"}}]}<\/script>\n<!-- \/ Yoast SEO plugin. -->","yoast_head_json":{"title":"Contactos - Euroequipe","robots":{"index":"index","follow":"follow","max-snippet":"max-snippet:-1","max-image-preview":"max-image-preview:large","max-video-preview":"max-video-preview:-1"},"canonical":"https:\/\/euroequipe.eu\/es\/contactos\/","og_locale":"es_ES","og_type":"article","og_title":"Contactos - Euroequipe","og_url":"https:\/\/euroequipe.eu\/es\/contactos\/","og_site_name":"Euroequipe","article_modified_time":"2025-11-14T16:40:50+00:00","og_image":[{"width":1844,"height":556,"url":"https:\/\/euroequipe.eu\/wp-content\/uploads\/2024\/10\/euroequipe-sede.jpg","type":"image\/jpeg"}],"twitter_card":"summary_large_image","twitter_misc":{"Tiempo de lectura":"4 minutos"},"schema":{"@context":"https:\/\/schema.org","@graph":[{"@type":"WebPage","@id":"https:\/\/euroequipe.eu\/es\/contactos\/","url":"https:\/\/euroequipe.eu\/es\/contactos\/","name":"Contactos - Euroequipe","isPartOf":{"@id":"https:\/\/euroequipe.eu\/es\/#website"},"primaryImageOfPage":{"@id":"https:\/\/euroequipe.eu\/es\/contactos\/#primaryimage"},"image":{"@id":"https:\/\/euroequipe.eu\/es\/contactos\/#primaryimage"},"thumbnailUrl":"https:\/\/euroequipe.eu\/wp-content\/uploads\/2024\/10\/euroequipe-sede.jpg","datePublished":"2024-10-12T13:51:41+00:00","dateModified":"2025-11-14T16:40:50+00:00","breadcrumb":{"@id":"https:\/\/euroequipe.eu\/es\/contactos\/#breadcrumb"},"inLanguage":"es","potentialAction":[{"@type":"ReadAction","target":["https:\/\/euroequipe.eu\/es\/contactos\/"]}]},{"@type":"ImageObject","inLanguage":"es","@id":"https:\/\/euroequipe.eu\/es\/contactos\/#primaryimage","url":"https:\/\/euroequipe.eu\/wp-content\/uploads\/2024\/10\/euroequipe-sede.jpg","contentUrl":"https:\/\/euroequipe.eu\/wp-content\/uploads\/2024\/10\/euroequipe-sede.jpg","width":1844,"height":556},{"@type":"BreadcrumbList","@id":"https:\/\/euroequipe.eu\/es\/contactos\/#breadcrumb","itemListElement":[{"@type":"ListItem","position":1,"name":"Home","item":"https:\/\/euroequipe.eu\/es\/"},{"@type":"ListItem","position":2,"name":"Contactos"}]},{"@type":"WebSite","@id":"https:\/\/euroequipe.eu\/es\/#website","url":"https:\/\/euroequipe.eu\/es\/","name":"Euroequipe srl","description":"","publisher":{"@id":"https:\/\/euroequipe.eu\/es\/#organization"},"potentialAction":[{"@type":"SearchAction","target":{"@type":"EntryPoint","urlTemplate":"https:\/\/euroequipe.eu\/es\/?s={search_term_string}"},"query-input":{"@type":"PropertyValueSpecification","valueRequired":true,"valueName":"search_term_string"}}],"inLanguage":"es"},{"@type":"Organization","@id":"https:\/\/euroequipe.eu\/es\/#organization","name":"Euroequipe srl","url":"https:\/\/euroequipe.eu\/es\/","logo":{"@type":"ImageObject","inLanguage":"es","@id":"https:\/\/euroequipe.eu\/es\/#\/schema\/logo\/image\/","url":"https:\/\/euroequipe.eu\/wp-content\/uploads\/2024\/09\/EuroEquipe-logo.png","contentUrl":"https:\/\/euroequipe.eu\/wp-content\/uploads\/2024\/09\/EuroEquipe-logo.png","width":1024,"height":402,"caption":"Euroequipe srl"},"image":{"@id":"https:\/\/euroequipe.eu\/es\/#\/schema\/logo\/image\/"}}]}},"_links":{"self":[{"href":"https:\/\/euroequipe.eu\/es\/wp-json\/wp\/v2\/pages\/12734","targetHints":{"allow":["GET"]}}],"collection":[{"href":"https:\/\/euroequipe.eu\/es\/wp-json\/wp\/v2\/pages"}],"about":[{"href":"https:\/\/euroequipe.eu\/es\/wp-json\/wp\/v2\/types\/page"}],"author":[{"embeddable":true,"href":"https:\/\/euroequipe.eu\/es\/wp-json\/wp\/v2\/users\/1"}],"replies":[{"embeddable":true,"href":"https:\/\/euroequipe.eu\/es\/wp-json\/wp\/v2\/comments?post=12734"}],"version-history":[{"count":0,"href":"https:\/\/euroequipe.eu\/es\/wp-json\/wp\/v2\/pages\/12734\/revisions"}],"wp:featuredmedia":[{"embeddable":true,"href":"https:\/\/euroequipe.eu\/es\/wp-json\/wp\/v2\/media\/7635"}],"wp:attachment":[{"href":"https:\/\/euroequipe.eu\/es\/wp-json\/wp\/v2\/media?parent=12734"}],"curies":[{"name":"wp","href":"https:\/\/api.w.org\/{rel}","templated":true}]}}