{"id":15521,"date":"2024-10-12T14:48:45","date_gmt":"2024-10-12T12:48:45","guid":{"rendered":"https:\/\/euroequipe.eu\/unsere-produkte\/"},"modified":"2026-02-23T17:51:24","modified_gmt":"2026-02-23T16:51:24","slug":"unsere-produkte","status":"publish","type":"page","link":"https:\/\/euroequipe.eu\/de\/unsere-produkte\/","title":{"rendered":"Unsere Produkte"},"content":{"rendered":"<section class=\"l-section wpb_row us_custom_ac0ca196 height_small width_full\"><div class=\"l-section-h i-cf\"><div class=\"g-cols vc_row via_grid cols_1 laptops-cols_inherit tablets-cols_inherit mobiles-cols_1 valign_middle type_default stacking_default\"><div class=\"wpb_column vc_column_container us_custom_5bfd1f1a us_animate_this has_bg_color\"><div class=\"vc_column-inner\"><div class=\"w-text us_custom_7ca35d41 has_text_color\"><span class=\"w-text-h\"><span class=\"w-text-value\">ENTDECKEN<\/span><\/span><\/div><h1 class=\"w-text us_custom_9340612f has_text_color\"><span class=\"w-text-h\"><span class=\"w-text-value\">UNSERE PRODUKTE<\/span><\/span><\/h1><h4 class=\"w-text us_custom_d44d8758 has_text_color\"><span class=\"w-text-h\"><span class=\"w-text-value\">Ma\u00dfgeschneiderte L\u00f6sungen f\u00fcr jeden Bedarf<\/span><\/span><\/h4><\/div><\/div><\/div><\/div><\/section><section class=\"l-section wpb_row us_custom_d77bca1a us_animate_this height_large\"><div class=\"l-section-h i-cf\"><div class=\"g-cols vc_row via_grid cols_1 laptops-cols_inherit tablets-cols_inherit mobiles-cols_1 valign_top type_default stacking_default\"><div class=\"wpb_column vc_column_container\"><div class=\"vc_column-inner\"><h3 class=\"w-text us_custom_a9d12335\"><span class=\"w-text-h\"><span class=\"w-text-value\">Entdecken Sie das komplette Angebot an Bew\u00e4sserungs-, Sch\u00e4dlingsbek\u00e4mpfungs- und Gartenl\u00f6sungen, die auf die Bed\u00fcrfnisse von privaten und professionellen Anwendern zugeschnitten sind.<\/span><\/span><\/h3><div class=\"w-separator size_medium\"><\/div><div class=\"w-text us_custom_5698f04d\"><span class=\"w-text-h\"><span class=\"w-text-value\">Besuchen Sie die speziellen Websites der einzelnen Marken, um das gesamte Angebot zu erkunden, laden Sie die aktualisierten Kataloge herunter, um alle Neuheiten zu entdecken, und nutzen Sie unseren B2B-E-Commerce, um von den exklusiven L\u00f6sungen f\u00fcr Wiederverk\u00e4ufer zu profitieren.<\/span><\/span><\/div><div class=\"w-separator size_medium\"><\/div><div class=\"g-cols wpb_row via_grid cols_2 laptops-cols_inherit tablets-cols_inherit mobiles-cols_1 valign_bottom type_default stacking_default\" style=\"--columns-gap:0.5rem;\"><div class=\"wpb_column vc_column_container us_custom_1fb4312c has_text_color us_animate_this has_bg_color\"><div class=\"vc_column-overlay\" style=\"background:rgba(0,0,0,0.30)\"><\/div><div class=\"vc_column-inner\"><h3 class=\"w-text us_custom_9c869393\"><span class=\"w-text-h\"><span class=\"w-text-value\">Entdecken Sie unsere Bew\u00e4sserungsprodukte<\/span><\/span><\/h3><div class=\"w-btn-wrapper align_none\"><a class=\"w-btn us-btn-style_1 icon_atright\" href=\"https:\/\/euroequipe.eu\/de\/shop\/?filtri_product_cat=bewasserung\"><span class=\"w-btn-label\">Produkte f\u00fcr die Bew\u00e4sserung<\/span><i class=\"far fa-angle-right\"><\/i><\/a><\/div><\/div><\/div><div class=\"wpb_column vc_column_container us_custom_d0b82a60 has_text_color us_animate_this has_bg_color\"><div class=\"vc_column-overlay\" style=\"background:rgba(0,0,0,0.30)\"><\/div><div class=\"vc_column-inner\"><h3 class=\"w-text us_custom_9c869393\"><span class=\"w-text-h\"><span class=\"w-text-value\">Entdecken Sie unsere Produkte zur Sch\u00e4dlingsbek\u00e4mpfung<\/span><\/span><\/h3><div class=\"w-btn-wrapper align_none\"><a class=\"w-btn us-btn-style_1 icon_atright\" href=\"https:\/\/euroequipe.eu\/de\/shop\/?filtri_product_cat=schadlingsbekampfung\"><span class=\"w-btn-label\">Produkte zur Sch\u00e4dlingsbek\u00e4mpfung<\/span><i class=\"far fa-angle-right\"><\/i><\/a><\/div><\/div><\/div><\/div><\/div><\/div><\/div><\/div><\/section><section class=\"l-section wpb_row us_custom_ad3a1529 height_large width_custom\" style=\"--site-content-width:1200px;\"><div class=\"l-section-h i-cf\"><div class=\"g-cols vc_row via_grid cols_1 laptops-cols_inherit tablets-cols_inherit mobiles-cols_1 valign_middle type_default stacking_default\"><div class=\"wpb_column vc_column_container\"><div class=\"vc_column-inner\"><div class=\"g-cols wpb_row us_custom_49ca822d us_animate_this via_grid cols_2 laptops-cols_inherit tablets-cols_1 mobiles-cols_1 valign_middle type_default reversed stacking_default\" style=\"--columns-gap:3rem;--laptops-columns-gap:3rem;--tablets-columns-gap:0.5rem;--mobiles-columns-gap:0.5rem;\"><div class=\"wpb_column vc_column_container us_custom_99f74c2c\"><div class=\"vc_column-inner\"><h3 class=\"w-text\"><span class=\"w-text-h\"><span class=\"w-text-value\">Sind Sie ein Einzelh\u00e4ndler oder ein Profi?<\/span><\/span><\/h3><h6 class=\"w-text\"><span class=\"w-text-h\"><span class=\"w-text-value\">Melden Sie sich f\u00fcr den B2B-Shop an und entdecken Sie die Angebote und Rabatte, die wir f\u00fcr Wiederverk\u00e4ufer entwickelt haben!<\/span><\/span><\/h6><h6 class=\"w-text\"><span class=\"w-text-h\"><span class=\"w-text-value\">Registrierte H\u00e4ndler finden in ihrem reservierten Bereich alle Materialien, die sie ben\u00f6tigen, um unsere Produkte in ihren Gesch\u00e4ften oder E-Shops zu bewerben und zu verkaufen.<\/span><\/span><\/h6><\/div><\/div><div class=\"wpb_column vc_column_container us_custom_4c4ce1d1\"><div class=\"vc_column-inner\"><div class=\"w-image us_custom_179917e4 img-cta has_height align_none\"><div class=\"w-image-h\"><img decoding=\"async\" width=\"745\" height=\"578\" src=\"https:\/\/euroequipe.eu\/wp-content\/uploads\/2024\/10\/euroequipe-img3.jpg\" class=\"attachment-full size-full\" alt=\"\" loading=\"lazy\" srcset=\"https:\/\/euroequipe.eu\/wp-content\/uploads\/2024\/10\/euroequipe-img3.jpg 745w, https:\/\/euroequipe.eu\/wp-content\/uploads\/2024\/10\/euroequipe-img3-300x233.jpg 300w, https:\/\/euroequipe.eu\/wp-content\/uploads\/2024\/10\/euroequipe-img3-600x466.jpg 600w\" sizes=\"auto, (max-width: 745px) 100vw, 745px\" \/><\/div><\/div><div class=\"w-btn-wrapper align_none\"><a class=\"w-btn us-btn-style_1 us_custom_5de5c3a0 icon_atright\" href=\"https:\/\/euroequipe.eu\/de\/konto\/\"><span class=\"w-btn-label\">Registrieren Sie sich<\/span><i class=\"far fa-angle-right\"><\/i><\/a><\/div><\/div><\/div><\/div><\/div><\/div><\/div><\/div><\/section>\n","protected":false},"excerpt":{"rendered":"ENTDECKENUNSERE PRODUKTEMa\u00dfgeschneiderte L\u00f6sungen f\u00fcr jeden BedarfEntdecken Sie das komplette Angebot an Bew\u00e4sserungs-, Sch\u00e4dlingsbek\u00e4mpfungs- und Gartenl\u00f6sungen, die auf die Bed\u00fcrfnisse von privaten und professionellen Anwendern zugeschnitten sind.Besuchen Sie die speziellen Websites der einzelnen Marken, um das gesamte Angebot zu erkunden, laden Sie die aktualisierten Kataloge herunter, um alle Neuheiten zu entdecken, und nutzen Sie unseren B2B-E-Commerce,...","protected":false},"author":1,"featured_media":15363,"parent":0,"menu_order":0,"comment_status":"closed","ping_status":"closed","template":"","meta":{"_acf_changed":false,"footnotes":""},"class_list":["post-15521","page","type-page","status-publish","has-post-thumbnail","hentry"],"acf":[],"yoast_head":"<!-- This site is optimized with the Yoast SEO plugin v27.3 - https:\/\/yoast.com\/product\/yoast-seo-wordpress\/ -->\n<title>Unsere Produkte - Euroequipe<\/title>\n<meta name=\"robots\" content=\"index, follow, max-snippet:-1, max-image-preview:large, max-video-preview:-1\" \/>\n<link rel=\"canonical\" href=\"https:\/\/euroequipe.eu\/de\/unsere-produkte\/\" \/>\n<meta property=\"og:locale\" content=\"de_DE\" \/>\n<meta property=\"og:type\" content=\"article\" \/>\n<meta property=\"og:title\" content=\"Unsere Produkte - Euroequipe\" \/>\n<meta property=\"og:url\" content=\"https:\/\/euroequipe.eu\/de\/unsere-produkte\/\" \/>\n<meta property=\"og:site_name\" content=\"Euroequipe\" \/>\n<meta property=\"article:modified_time\" content=\"2026-02-23T16:51:24+00:00\" \/>\n<meta property=\"og:image\" content=\"https:\/\/euroequipe.eu\/wp-content\/uploads\/2024\/11\/Raggruppa-1395-compressed.png\" \/>\n\t<meta property=\"og:image:width\" content=\"1868\" \/>\n\t<meta property=\"og:image:height\" content=\"575\" \/>\n\t<meta property=\"og:image:type\" content=\"image\/png\" \/>\n<meta name=\"twitter:card\" content=\"summary_large_image\" \/>\n<meta name=\"twitter:label1\" content=\"Gesch\u00e4tzte Lesezeit\" \/>\n\t<meta name=\"twitter:data1\" content=\"2\u00a0Minute\" \/>\n<script type=\"application\/ld+json\" class=\"yoast-schema-graph\">{\"@context\":\"https:\\\/\\\/schema.org\",\"@graph\":[{\"@type\":\"WebPage\",\"@id\":\"https:\\\/\\\/euroequipe.eu\\\/de\\\/unsere-produkte\\\/\",\"url\":\"https:\\\/\\\/euroequipe.eu\\\/de\\\/unsere-produkte\\\/\",\"name\":\"Unsere Produkte - Euroequipe\",\"isPartOf\":{\"@id\":\"https:\\\/\\\/euroequipe.eu\\\/de\\\/#website\"},\"primaryImageOfPage\":{\"@id\":\"https:\\\/\\\/euroequipe.eu\\\/de\\\/unsere-produkte\\\/#primaryimage\"},\"image\":{\"@id\":\"https:\\\/\\\/euroequipe.eu\\\/de\\\/unsere-produkte\\\/#primaryimage\"},\"thumbnailUrl\":\"https:\\\/\\\/euroequipe.eu\\\/wp-content\\\/uploads\\\/2024\\\/11\\\/Raggruppa-1395-compressed.png\",\"datePublished\":\"2024-10-12T12:48:45+00:00\",\"dateModified\":\"2026-02-23T16:51:24+00:00\",\"breadcrumb\":{\"@id\":\"https:\\\/\\\/euroequipe.eu\\\/de\\\/unsere-produkte\\\/#breadcrumb\"},\"inLanguage\":\"de\",\"potentialAction\":[{\"@type\":\"ReadAction\",\"target\":[\"https:\\\/\\\/euroequipe.eu\\\/de\\\/unsere-produkte\\\/\"]}]},{\"@type\":\"ImageObject\",\"inLanguage\":\"de\",\"@id\":\"https:\\\/\\\/euroequipe.eu\\\/de\\\/unsere-produkte\\\/#primaryimage\",\"url\":\"https:\\\/\\\/euroequipe.eu\\\/wp-content\\\/uploads\\\/2024\\\/11\\\/Raggruppa-1395-compressed.png\",\"contentUrl\":\"https:\\\/\\\/euroequipe.eu\\\/wp-content\\\/uploads\\\/2024\\\/11\\\/Raggruppa-1395-compressed.png\",\"width\":1868,\"height\":575},{\"@type\":\"BreadcrumbList\",\"@id\":\"https:\\\/\\\/euroequipe.eu\\\/de\\\/unsere-produkte\\\/#breadcrumb\",\"itemListElement\":[{\"@type\":\"ListItem\",\"position\":1,\"name\":\"Home\",\"item\":\"https:\\\/\\\/euroequipe.eu\\\/de\\\/\"},{\"@type\":\"ListItem\",\"position\":2,\"name\":\"Unsere Produkte\"}]},{\"@type\":\"WebSite\",\"@id\":\"https:\\\/\\\/euroequipe.eu\\\/de\\\/#website\",\"url\":\"https:\\\/\\\/euroequipe.eu\\\/de\\\/\",\"name\":\"Euroequipe srl\",\"description\":\"\",\"publisher\":{\"@id\":\"https:\\\/\\\/euroequipe.eu\\\/de\\\/#organization\"},\"potentialAction\":[{\"@type\":\"SearchAction\",\"target\":{\"@type\":\"EntryPoint\",\"urlTemplate\":\"https:\\\/\\\/euroequipe.eu\\\/de\\\/?s={search_term_string}\"},\"query-input\":{\"@type\":\"PropertyValueSpecification\",\"valueRequired\":true,\"valueName\":\"search_term_string\"}}],\"inLanguage\":\"de\"},{\"@type\":\"Organization\",\"@id\":\"https:\\\/\\\/euroequipe.eu\\\/de\\\/#organization\",\"name\":\"Euroequipe srl\",\"url\":\"https:\\\/\\\/euroequipe.eu\\\/de\\\/\",\"logo\":{\"@type\":\"ImageObject\",\"inLanguage\":\"de\",\"@id\":\"https:\\\/\\\/euroequipe.eu\\\/de\\\/#\\\/schema\\\/logo\\\/image\\\/\",\"url\":\"https:\\\/\\\/euroequipe.eu\\\/wp-content\\\/uploads\\\/2024\\\/09\\\/EuroEquipe-logo.png\",\"contentUrl\":\"https:\\\/\\\/euroequipe.eu\\\/wp-content\\\/uploads\\\/2024\\\/09\\\/EuroEquipe-logo.png\",\"width\":1024,\"height\":402,\"caption\":\"Euroequipe srl\"},\"image\":{\"@id\":\"https:\\\/\\\/euroequipe.eu\\\/de\\\/#\\\/schema\\\/logo\\\/image\\\/\"}}]}<\/script>\n<!-- \/ Yoast SEO plugin. -->","yoast_head_json":{"title":"Unsere Produkte - Euroequipe","robots":{"index":"index","follow":"follow","max-snippet":"max-snippet:-1","max-image-preview":"max-image-preview:large","max-video-preview":"max-video-preview:-1"},"canonical":"https:\/\/euroequipe.eu\/de\/unsere-produkte\/","og_locale":"de_DE","og_type":"article","og_title":"Unsere Produkte - Euroequipe","og_url":"https:\/\/euroequipe.eu\/de\/unsere-produkte\/","og_site_name":"Euroequipe","article_modified_time":"2026-02-23T16:51:24+00:00","og_image":[{"width":1868,"height":575,"url":"https:\/\/euroequipe.eu\/wp-content\/uploads\/2024\/11\/Raggruppa-1395-compressed.png","type":"image\/png"}],"twitter_card":"summary_large_image","twitter_misc":{"Gesch\u00e4tzte Lesezeit":"2\u00a0Minute"},"schema":{"@context":"https:\/\/schema.org","@graph":[{"@type":"WebPage","@id":"https:\/\/euroequipe.eu\/de\/unsere-produkte\/","url":"https:\/\/euroequipe.eu\/de\/unsere-produkte\/","name":"Unsere Produkte - Euroequipe","isPartOf":{"@id":"https:\/\/euroequipe.eu\/de\/#website"},"primaryImageOfPage":{"@id":"https:\/\/euroequipe.eu\/de\/unsere-produkte\/#primaryimage"},"image":{"@id":"https:\/\/euroequipe.eu\/de\/unsere-produkte\/#primaryimage"},"thumbnailUrl":"https:\/\/euroequipe.eu\/wp-content\/uploads\/2024\/11\/Raggruppa-1395-compressed.png","datePublished":"2024-10-12T12:48:45+00:00","dateModified":"2026-02-23T16:51:24+00:00","breadcrumb":{"@id":"https:\/\/euroequipe.eu\/de\/unsere-produkte\/#breadcrumb"},"inLanguage":"de","potentialAction":[{"@type":"ReadAction","target":["https:\/\/euroequipe.eu\/de\/unsere-produkte\/"]}]},{"@type":"ImageObject","inLanguage":"de","@id":"https:\/\/euroequipe.eu\/de\/unsere-produkte\/#primaryimage","url":"https:\/\/euroequipe.eu\/wp-content\/uploads\/2024\/11\/Raggruppa-1395-compressed.png","contentUrl":"https:\/\/euroequipe.eu\/wp-content\/uploads\/2024\/11\/Raggruppa-1395-compressed.png","width":1868,"height":575},{"@type":"BreadcrumbList","@id":"https:\/\/euroequipe.eu\/de\/unsere-produkte\/#breadcrumb","itemListElement":[{"@type":"ListItem","position":1,"name":"Home","item":"https:\/\/euroequipe.eu\/de\/"},{"@type":"ListItem","position":2,"name":"Unsere Produkte"}]},{"@type":"WebSite","@id":"https:\/\/euroequipe.eu\/de\/#website","url":"https:\/\/euroequipe.eu\/de\/","name":"Euroequipe srl","description":"","publisher":{"@id":"https:\/\/euroequipe.eu\/de\/#organization"},"potentialAction":[{"@type":"SearchAction","target":{"@type":"EntryPoint","urlTemplate":"https:\/\/euroequipe.eu\/de\/?s={search_term_string}"},"query-input":{"@type":"PropertyValueSpecification","valueRequired":true,"valueName":"search_term_string"}}],"inLanguage":"de"},{"@type":"Organization","@id":"https:\/\/euroequipe.eu\/de\/#organization","name":"Euroequipe srl","url":"https:\/\/euroequipe.eu\/de\/","logo":{"@type":"ImageObject","inLanguage":"de","@id":"https:\/\/euroequipe.eu\/de\/#\/schema\/logo\/image\/","url":"https:\/\/euroequipe.eu\/wp-content\/uploads\/2024\/09\/EuroEquipe-logo.png","contentUrl":"https:\/\/euroequipe.eu\/wp-content\/uploads\/2024\/09\/EuroEquipe-logo.png","width":1024,"height":402,"caption":"Euroequipe srl"},"image":{"@id":"https:\/\/euroequipe.eu\/de\/#\/schema\/logo\/image\/"}}]}},"_links":{"self":[{"href":"https:\/\/euroequipe.eu\/de\/wp-json\/wp\/v2\/pages\/15521","targetHints":{"allow":["GET"]}}],"collection":[{"href":"https:\/\/euroequipe.eu\/de\/wp-json\/wp\/v2\/pages"}],"about":[{"href":"https:\/\/euroequipe.eu\/de\/wp-json\/wp\/v2\/types\/page"}],"author":[{"embeddable":true,"href":"https:\/\/euroequipe.eu\/de\/wp-json\/wp\/v2\/users\/1"}],"replies":[{"embeddable":true,"href":"https:\/\/euroequipe.eu\/de\/wp-json\/wp\/v2\/comments?post=15521"}],"version-history":[{"count":0,"href":"https:\/\/euroequipe.eu\/de\/wp-json\/wp\/v2\/pages\/15521\/revisions"}],"wp:featuredmedia":[{"embeddable":true,"href":"https:\/\/euroequipe.eu\/de\/wp-json\/wp\/v2\/media\/15363"}],"wp:attachment":[{"href":"https:\/\/euroequipe.eu\/de\/wp-json\/wp\/v2\/media?parent=15521"}],"curies":[{"name":"wp","href":"https:\/\/api.w.org\/{rel}","templated":true}]}}