{"id":15515,"date":"2024-10-12T12:56:31","date_gmt":"2024-10-12T10:56:31","guid":{"rendered":"https:\/\/euroequipe.eu\/die-gruppe\/unsere-geschichte\/"},"modified":"2026-02-23T17:49:06","modified_gmt":"2026-02-23T16:49:06","slug":"unsere-geschichte","status":"publish","type":"page","link":"https:\/\/euroequipe.eu\/de\/die-gruppe\/unsere-geschichte\/","title":{"rendered":"Unsere Geschichte"},"content":{"rendered":"<section class=\"l-section wpb_row us_custom_0288ae13 height_small width_full\"><div class=\"l-section-h i-cf\"><div class=\"g-cols vc_row via_grid cols_1 laptops-cols_inherit tablets-cols_inherit mobiles-cols_1 valign_middle type_default stacking_default\"><div class=\"wpb_column vc_column_container us_custom_86df0c12 us_animate_this has_bg_color\"><div class=\"vc_column-inner\"><div class=\"w-text us_custom_7ca35d41 has_text_color\"><span class=\"w-text-h\"><span class=\"w-text-value\">ENTDECKEN<\/span><\/span><\/div><h1 class=\"w-text us_custom_9340612f has_text_color\"><span class=\"w-text-h\"><span class=\"w-text-value\">UNSERE GESCHICHTE<\/span><\/span><\/h1><h4 class=\"w-text us_custom_d44d8758 has_text_color\"><span class=\"w-text-h\"><span class=\"w-text-value\">Die ersten Schritte zu unserer Gegenwart<\/span><\/span><\/h4><\/div><\/div><\/div><\/div><\/section><section class=\"l-section wpb_row us_custom_44ce96d9 height_large\"><div class=\"l-section-h i-cf\"><div class=\"g-cols vc_row via_grid cols_1 laptops-cols_inherit tablets-cols_inherit mobiles-cols_1 valign_top type_default stacking_default\"><div class=\"wpb_column vc_column_container\"><div class=\"vc_column-inner\"><div class=\"w-html hide_on_default hide_on_laptops\"><div class=\"mobile-timeline-container\">\n  <div class=\"mobile-timeline-item\">\n    <div class=\"mobile-timeline-date\">\n  1983\n    <\/div>\n    <div class=\"mobile-timeline-content\">\n      <h3>Die Geburt von Hidroself<\/h3>\n      <p>Im Herzen der Emilia-Romagna, in der Provinz Bologna, wurde Euroequipe Srl gegr\u00fcndet. Im Jahr 1983 deb\u00fctierte das Unternehmen mit der Marke Hidroself, die auf Bew\u00e4sserungs- und Gartenl\u00f6sungen spezialisiert ist. In einer Zeit, in der der Gr\u00fcnpflege immer mehr Aufmerksamkeit geschenkt wird, zeichnet sich Hidroself durch seine innovativen und leicht zug\u00e4nglichen Produkte aus, die dank ihrer Qualit\u00e4t und ihrer F\u00e4higkeit, die Bed\u00fcrfnisse der Liebhaber zu erf\u00fcllen, sofort den Markt erobern.  <\/p>\n    <\/div>\n  <\/div>\n\n  <div class=\"mobile-timeline-item\">\n    <div class=\"mobile-timeline-date\">\n  2003\n    <\/div>\n    <div class=\"mobile-timeline-content\">\n      <h3>Sandokan: die Antwort auf die Bedrohung durch die Tigerm\u00fccke<\/h3>\n      <p>Mit dem neuen Jahrtausend steht Euroequipe vor einer neuen Herausforderung: die Ausbreitung der Tigerm\u00fccke in Italien. So entstand Sandokan, die Marke, die sich auf Produkte zur Sch\u00e4dlingsbek\u00e4mpfung und zum Schutz vor l\u00e4stigen Insekten spezialisiert hat. Sandokan begann mit einer einfachen Anti-M\u00fccken-Linie, wuchs aber schnell, erweiterte die Produktpalette und ist heute ein Bezugspunkt in diesem Sektor, der die italienischen H\u00e4user und G\u00e4rten vor l\u00e4stigen Eindringlingen sch\u00fctzt.  <\/p>\n    <\/div>\n  <\/div>\n\n  <div class=\"mobile-timeline-item\">\n    <div class=\"mobile-timeline-date\">\n  2015\n    <\/div>\n    <div class=\"mobile-timeline-content\">\n      <h3>Idroeasy: Innovation in der Bew\u00e4sserung - Made in Italy<\/h3>\n      <p>Im Jahr 2015 revolutionierte Euroequipe die Bew\u00e4sserung mit der Einf\u00fchrung von Idroeasy, der ersten Marke f\u00fcr dehnbare und ultraleichte Schl\u00e4uche Made in Italy. Die Leichtigkeit und Praktikabilit\u00e4t der Produkte eroberten sofort den Markt und vereinfachten die Gr\u00fcnpflege. Mit Idroeasy etablierte sich Euroequipe unter den Marktf\u00fchrern der Branche, indem es Innovation und Aufmerksamkeit f\u00fcr die Bed\u00fcrfnisse der Kunden verband.  <\/p>\n    <\/div>\n  <\/div>\n\n  <div class=\"mobile-timeline-item\">\n    <div class=\"mobile-timeline-date\">\n  Heute\n    <\/div>\n    <div class=\"mobile-timeline-content\">\n      <h3>Eine Realit\u00e4t, die in die Zukunft blickt<\/h3>\n      <p>Euroequipe Srl setzt seinen Weg des Wachstums und der Innovation fort und etabliert sich als Bezugspunkt f\u00fcr alle, die nach effektiven, praktischen und qualitativ hochwertigen L\u00f6sungen im Bereich der Bew\u00e4sserung und Sch\u00e4dlingsbek\u00e4mpfung suchen. Mit seinen drei Marken Hidroself, Sandokan und Idroeasy steht das Unternehmen f\u00fcr eine rein italienische Erfolgsgeschichte, in der Tradition und Innovation zusammenkommen, um hervorragende Produkte anzubieten. <\/p>\n    <\/div>\n  <\/div>\n<\/div>\n<\/div><div class=\"w-html hide_on_tablets hide_on_mobiles\"><div class=\"timeline\">\n    <div class=\"timeline-item\">\n      <div class=\"timeline-date\">\n        <span class=\"timeline-circle\"><\/span>\n  1983\n      <\/div>\n      <div class=\"timeline-content\">\n        <h3>Die Geburt von Hidroself<\/h3>\n        <p>Im Herzen der Emilia-Romagna, in der Provinz Bologna, wurde Euroequipe Srl gegr\u00fcndet. Im Jahr 1983 deb\u00fctierte das Unternehmen mit der Marke Hidroself, die auf Bew\u00e4sserungs- und Gartenl\u00f6sungen spezialisiert ist. In einer Zeit, in der der Gr\u00fcnpflege immer mehr Aufmerksamkeit geschenkt wird, zeichnet sich Hidroself durch seine innovativen und leicht zug\u00e4nglichen Produkte aus, die dank ihrer Qualit\u00e4t und ihrer F\u00e4higkeit, die Bed\u00fcrfnisse der Liebhaber zu erf\u00fcllen, sofort den Markt erobern.  <\/p>\n      <\/div>\n    <\/div>\n    <div class=\"timeline-item\">\n      <div class=\"timeline-date\">\n        <span class=\"timeline-circle\"><\/span>\n  2003\n      <\/div>\n      <div class=\"timeline-content\">\n        <h3>Sandokan: die Antwort auf die Bedrohung durch die Tigerm\u00fccke<\/h3>\n        <p>Mit dem neuen Jahrtausend steht Euroequipe vor einer neuen Herausforderung: die Ausbreitung der Tigerm\u00fccke in Italien. So entstand Sandokan, die Marke, die sich auf Produkte zur Sch\u00e4dlingsbek\u00e4mpfung und zum Schutz vor l\u00e4stigen Insekten spezialisiert hat. Sandokan begann mit einer einfachen Anti-M\u00fccken-Linie, wuchs aber schnell, erweiterte die Produktpalette und ist heute ein Bezugspunkt in diesem Sektor, der die italienischen H\u00e4user und G\u00e4rten vor l\u00e4stigen Eindringlingen sch\u00fctzt.  <\/p>\n      <\/div>\n    <\/div>\n    <div class=\"timeline-item\">\n      <div class=\"timeline-date\">\n        <span class=\"timeline-circle\"><\/span>\n  2015\n      <\/div>\n      <div class=\"timeline-content\">\n        <h3>Idroeasy: Innovation in der Bew\u00e4sserung - Made in Italy<\/h3>\n        <p>Im Jahr 2015 revolutionierte Euroequipe die Bew\u00e4sserung mit der Einf\u00fchrung von Idroeasy, der ersten Marke f\u00fcr dehnbare und ultraleichte Schl\u00e4uche Made in Italy. Die Leichtigkeit und Praktikabilit\u00e4t der Produkte eroberten sofort den Markt und vereinfachten die Gr\u00fcnpflege. Mit Idroeasy etablierte sich Euroequipe unter den Marktf\u00fchrern der Branche, indem es Innovation und Aufmerksamkeit f\u00fcr die Bed\u00fcrfnisse der Kunden verband.  <\/p>\n      <\/div>\n    <\/div>\n    <div class=\"timeline-item\">\n      <div class=\"timeline-date\">\n        <span class=\"timeline-circle\"><\/span>\n  Heute\n      <\/div>\n      <div class=\"timeline-content\">\n        <h3>Eine Realit\u00e4t, die in die Zukunft blickt<\/h3>\n        <p>Euroequipe Srl setzt seinen Weg des Wachstums und der Innovation fort und etabliert sich als Bezugspunkt f\u00fcr alle, die nach effektiven, praktischen und qualitativ hochwertigen L\u00f6sungen im Bereich der Bew\u00e4sserung und Sch\u00e4dlingsbek\u00e4mpfung suchen. Mit seinen drei Marken Hidroself, Sandokan und Idroeasy steht das Unternehmen f\u00fcr eine rein italienische Erfolgsgeschichte, in der Tradition und Innovation zusammenkommen, um hervorragende Produkte anzubieten. <\/p>\n      <\/div>\n    <\/div>\n  <\/div><\/div><\/div><\/div><\/div><\/div><\/section><section class=\"l-section wpb_row height_medium\"><div class=\"l-section-h i-cf\"><div class=\"g-cols vc_row via_grid cols_1 laptops-cols_inherit tablets-cols_inherit mobiles-cols_1 valign_top type_default stacking_default\"><div class=\"wpb_column vc_column_container\"><div class=\"vc_column-inner\"><div class=\"g-cols wpb_row via_grid cols_3 laptops-cols_inherit tablets-cols_inherit mobiles-cols_1 valign_top type_default stacking_default\" style=\"--columns-gap:1rem;\"><div class=\"wpb_column vc_column_container us_custom_fbd99005 us_animate_this has_bg_color\"><div class=\"vc_column-inner\"><div class=\"w-image align_center\"><div class=\"w-image-h\"><img decoding=\"async\" src=\"https:\/\/euroequipe.eu\/wp-content\/uploads\/2024\/10\/idroeasy-logo.svg\" class=\"attachment-full size-full\" alt=\"\" loading=\"lazy\" \/><\/div><\/div><\/div><\/div><div class=\"wpb_column vc_column_container us_custom_b3ce7c18 us_animate_this has_bg_color\"><div class=\"vc_column-inner\"><div class=\"w-image align_center\"><div class=\"w-image-h\"><img decoding=\"async\" src=\"https:\/\/euroequipe.eu\/wp-content\/uploads\/2024\/10\/hidroself-logo.svg\" class=\"attachment-full size-full\" alt=\"\" loading=\"lazy\" \/><\/div><\/div><\/div><\/div><div class=\"wpb_column vc_column_container us_custom_0028af05 us_animate_this has_bg_color\"><div class=\"vc_column-inner\"><div class=\"w-image align_center\"><div class=\"w-image-h\"><img decoding=\"async\" src=\"https:\/\/euroequipe.eu\/wp-content\/uploads\/2024\/10\/sandokan.svg\" class=\"attachment-full size-full\" alt=\"\" loading=\"lazy\" \/><\/div><\/div><\/div><\/div><\/div><\/div><\/div><\/div><\/div><\/section><section class=\"l-section wpb_row us_custom_7c0955b8 height_auto\"><div class=\"l-section-h i-cf\"><div class=\"g-cols vc_row via_grid cols_1 laptops-cols_inherit tablets-cols_inherit mobiles-cols_1 valign_top type_default stacking_default\"><div class=\"wpb_column vc_column_container\"><div class=\"vc_column-inner\"><div class=\"g-cols wpb_row us_custom_fa31e598 us_animate_this via_grid cols_2 laptops-cols_inherit tablets-cols_inherit mobiles-cols_1 valign_middle type_default reversed stacking_default\" style=\"--columns-gap:3rem;--laptops-columns-gap:3rem;--tablets-columns-gap:0.5rem;--mobiles-columns-gap:0.5rem;\"><div class=\"wpb_column vc_column_container us_custom_99f74c2c\"><div class=\"vc_column-inner\"><h3 class=\"w-text\"><span class=\"w-text-h\"><span class=\"w-text-value\">Sind Sie ein Einzelh\u00e4ndler oder ein Profi?<\/span><\/span><\/h3><h6 class=\"w-text\"><span class=\"w-text-h\"><span class=\"w-text-value\">Melden Sie sich f\u00fcr den B2B-Shop an und entdecken Sie die Angebote und Rabatte, die wir f\u00fcr Wiederverk\u00e4ufer entwickelt haben!<\/span><\/span><\/h6><div class=\"w-btn-wrapper align_none\"><a class=\"w-btn us-btn-style_1 icon_atright\" href=\"https:\/\/euroequipe.eu\/de\/konto\/\"><span class=\"w-btn-label\">Registrieren\/Zugang<\/span><i class=\"far fa-angle-right\"><\/i><\/a><\/div><\/div><\/div><div class=\"wpb_column vc_column_container\"><div class=\"vc_column-inner\"><div class=\"w-image us_custom_213e151c align_none\"><div class=\"w-image-h\"><img decoding=\"async\" width=\"648\" height=\"470\" src=\"https:\/\/euroequipe.eu\/wp-content\/uploads\/2024\/10\/euroequipe-img5.jpg\" class=\"attachment-full size-full\" alt=\"\" loading=\"lazy\" srcset=\"https:\/\/euroequipe.eu\/wp-content\/uploads\/2024\/10\/euroequipe-img5.jpg 648w, https:\/\/euroequipe.eu\/wp-content\/uploads\/2024\/10\/euroequipe-img5-300x218.jpg 300w, https:\/\/euroequipe.eu\/wp-content\/uploads\/2024\/10\/euroequipe-img5-600x435.jpg 600w\" sizes=\"auto, (max-width: 648px) 100vw, 648px\" \/><\/div><\/div><\/div><\/div><\/div><\/div><\/div><\/div><\/div><\/section><section class=\"l-section wpb_row us_custom_8736ade0 height_huge\"><div class=\"l-section-h i-cf\"><div class=\"g-cols vc_row via_grid cols_1 laptops-cols_inherit tablets-cols_inherit mobiles-cols_1 valign_top type_default stacking_default\"><div class=\"wpb_column vc_column_container\"><div class=\"vc_column-inner\"><div class=\"w-separator size_custom\" style=\"height:12rem\"><\/div><h4 class=\"w-text us_custom_5dddf787 has_text_color us_animate_this\"><span class=\"w-text-h\"><span class=\"w-text-value\">Innovation, Qualit\u00e4t und Zuverl\u00e4ssigkeit: seit 1983 an der Seite von Fachleuten, um ma\u00dfgeschneiderte L\u00f6sungen zu bieten, die jedes Projekt verbessern.<\/span><\/span><\/h4><div class=\"w-separator size_medium\"><\/div><\/div><\/div><\/div><\/div><\/section>\n","protected":false},"excerpt":{"rendered":"ENTDECKENUNSERE GESCHICHTEDie ersten Schritte zu unserer Gegenwart 1983 Die Geburt von Hidroself Im Herzen der Emilia-Romagna, in der Provinz Bologna, wurde Euroequipe Srl gegr\u00fcndet. Im Jahr 1983 deb\u00fctierte das Unternehmen mit der Marke Hidroself, die auf Bew\u00e4sserungs- und Gartenl\u00f6sungen spezialisiert ist. In einer Zeit, in der der Gr\u00fcnpflege immer mehr Aufmerksamkeit geschenkt wird, zeichnet sich...","protected":false},"author":1,"featured_media":15363,"parent":15350,"menu_order":0,"comment_status":"closed","ping_status":"closed","template":"","meta":{"_acf_changed":false,"footnotes":""},"class_list":["post-15515","page","type-page","status-publish","has-post-thumbnail","hentry"],"acf":[],"yoast_head":"<!-- This site is optimized with the Yoast SEO plugin v27.3 - https:\/\/yoast.com\/product\/yoast-seo-wordpress\/ -->\n<title>Unsere Geschichte - Euroequipe<\/title>\n<meta name=\"description\" content=\"Unsere Geschichte beginnt im Herzen der Emilia-Romagna, in der Provinz Bologna, wo Euroequipe Srl im Jahr 1983 gegr\u00fcndet wurde.\" \/>\n<meta name=\"robots\" content=\"index, follow, max-snippet:-1, max-image-preview:large, max-video-preview:-1\" \/>\n<link rel=\"canonical\" href=\"https:\/\/euroequipe.eu\/de\/die-gruppe\/unsere-geschichte\/\" \/>\n<meta property=\"og:locale\" content=\"de_DE\" \/>\n<meta property=\"og:type\" content=\"article\" \/>\n<meta property=\"og:title\" content=\"Unsere Geschichte - Euroequipe\" \/>\n<meta property=\"og:description\" content=\"Unsere Geschichte beginnt im Herzen der Emilia-Romagna, in der Provinz Bologna, wo Euroequipe Srl im Jahr 1983 gegr\u00fcndet wurde.\" \/>\n<meta property=\"og:url\" content=\"https:\/\/euroequipe.eu\/de\/die-gruppe\/unsere-geschichte\/\" \/>\n<meta property=\"og:site_name\" content=\"Euroequipe\" \/>\n<meta property=\"article:modified_time\" content=\"2026-02-23T16:49:06+00:00\" \/>\n<meta property=\"og:image\" content=\"https:\/\/euroequipe.eu\/wp-content\/uploads\/2024\/11\/Raggruppa-1395-compressed.png\" \/>\n\t<meta property=\"og:image:width\" content=\"1868\" \/>\n\t<meta property=\"og:image:height\" content=\"575\" \/>\n\t<meta property=\"og:image:type\" content=\"image\/png\" \/>\n<meta name=\"twitter:card\" content=\"summary_large_image\" \/>\n<meta name=\"twitter:label1\" content=\"Gesch\u00e4tzte Lesezeit\" \/>\n\t<meta name=\"twitter:data1\" content=\"2\u00a0Minute\" \/>\n<script type=\"application\/ld+json\" class=\"yoast-schema-graph\">{\"@context\":\"https:\\\/\\\/schema.org\",\"@graph\":[{\"@type\":\"WebPage\",\"@id\":\"https:\\\/\\\/euroequipe.eu\\\/de\\\/die-gruppe\\\/unsere-geschichte\\\/\",\"url\":\"https:\\\/\\\/euroequipe.eu\\\/de\\\/die-gruppe\\\/unsere-geschichte\\\/\",\"name\":\"Unsere Geschichte - Euroequipe\",\"isPartOf\":{\"@id\":\"https:\\\/\\\/euroequipe.eu\\\/de\\\/#website\"},\"primaryImageOfPage\":{\"@id\":\"https:\\\/\\\/euroequipe.eu\\\/de\\\/die-gruppe\\\/unsere-geschichte\\\/#primaryimage\"},\"image\":{\"@id\":\"https:\\\/\\\/euroequipe.eu\\\/de\\\/die-gruppe\\\/unsere-geschichte\\\/#primaryimage\"},\"thumbnailUrl\":\"https:\\\/\\\/euroequipe.eu\\\/wp-content\\\/uploads\\\/2024\\\/11\\\/Raggruppa-1395-compressed.png\",\"datePublished\":\"2024-10-12T10:56:31+00:00\",\"dateModified\":\"2026-02-23T16:49:06+00:00\",\"description\":\"Unsere Geschichte beginnt im Herzen der Emilia-Romagna, in der Provinz Bologna, wo Euroequipe Srl im Jahr 1983 gegr\u00fcndet wurde.\",\"breadcrumb\":{\"@id\":\"https:\\\/\\\/euroequipe.eu\\\/de\\\/die-gruppe\\\/unsere-geschichte\\\/#breadcrumb\"},\"inLanguage\":\"de\",\"potentialAction\":[{\"@type\":\"ReadAction\",\"target\":[\"https:\\\/\\\/euroequipe.eu\\\/de\\\/die-gruppe\\\/unsere-geschichte\\\/\"]}]},{\"@type\":\"ImageObject\",\"inLanguage\":\"de\",\"@id\":\"https:\\\/\\\/euroequipe.eu\\\/de\\\/die-gruppe\\\/unsere-geschichte\\\/#primaryimage\",\"url\":\"https:\\\/\\\/euroequipe.eu\\\/wp-content\\\/uploads\\\/2024\\\/11\\\/Raggruppa-1395-compressed.png\",\"contentUrl\":\"https:\\\/\\\/euroequipe.eu\\\/wp-content\\\/uploads\\\/2024\\\/11\\\/Raggruppa-1395-compressed.png\",\"width\":1868,\"height\":575},{\"@type\":\"BreadcrumbList\",\"@id\":\"https:\\\/\\\/euroequipe.eu\\\/de\\\/die-gruppe\\\/unsere-geschichte\\\/#breadcrumb\",\"itemListElement\":[{\"@type\":\"ListItem\",\"position\":1,\"name\":\"Home\",\"item\":\"https:\\\/\\\/euroequipe.eu\\\/de\\\/\"},{\"@type\":\"ListItem\",\"position\":2,\"name\":\"Die Gruppe\",\"item\":\"https:\\\/\\\/euroequipe.eu\\\/de\\\/die-gruppe\\\/\"},{\"@type\":\"ListItem\",\"position\":3,\"name\":\"Unsere Geschichte\"}]},{\"@type\":\"WebSite\",\"@id\":\"https:\\\/\\\/euroequipe.eu\\\/de\\\/#website\",\"url\":\"https:\\\/\\\/euroequipe.eu\\\/de\\\/\",\"name\":\"Euroequipe srl\",\"description\":\"\",\"publisher\":{\"@id\":\"https:\\\/\\\/euroequipe.eu\\\/de\\\/#organization\"},\"potentialAction\":[{\"@type\":\"SearchAction\",\"target\":{\"@type\":\"EntryPoint\",\"urlTemplate\":\"https:\\\/\\\/euroequipe.eu\\\/de\\\/?s={search_term_string}\"},\"query-input\":{\"@type\":\"PropertyValueSpecification\",\"valueRequired\":true,\"valueName\":\"search_term_string\"}}],\"inLanguage\":\"de\"},{\"@type\":\"Organization\",\"@id\":\"https:\\\/\\\/euroequipe.eu\\\/de\\\/#organization\",\"name\":\"Euroequipe srl\",\"url\":\"https:\\\/\\\/euroequipe.eu\\\/de\\\/\",\"logo\":{\"@type\":\"ImageObject\",\"inLanguage\":\"de\",\"@id\":\"https:\\\/\\\/euroequipe.eu\\\/de\\\/#\\\/schema\\\/logo\\\/image\\\/\",\"url\":\"https:\\\/\\\/euroequipe.eu\\\/wp-content\\\/uploads\\\/2024\\\/09\\\/EuroEquipe-logo.png\",\"contentUrl\":\"https:\\\/\\\/euroequipe.eu\\\/wp-content\\\/uploads\\\/2024\\\/09\\\/EuroEquipe-logo.png\",\"width\":1024,\"height\":402,\"caption\":\"Euroequipe srl\"},\"image\":{\"@id\":\"https:\\\/\\\/euroequipe.eu\\\/de\\\/#\\\/schema\\\/logo\\\/image\\\/\"}}]}<\/script>\n<!-- \/ Yoast SEO plugin. -->","yoast_head_json":{"title":"Unsere Geschichte - Euroequipe","description":"Unsere Geschichte beginnt im Herzen der Emilia-Romagna, in der Provinz Bologna, wo Euroequipe Srl im Jahr 1983 gegr\u00fcndet wurde.","robots":{"index":"index","follow":"follow","max-snippet":"max-snippet:-1","max-image-preview":"max-image-preview:large","max-video-preview":"max-video-preview:-1"},"canonical":"https:\/\/euroequipe.eu\/de\/die-gruppe\/unsere-geschichte\/","og_locale":"de_DE","og_type":"article","og_title":"Unsere Geschichte - Euroequipe","og_description":"Unsere Geschichte beginnt im Herzen der Emilia-Romagna, in der Provinz Bologna, wo Euroequipe Srl im Jahr 1983 gegr\u00fcndet wurde.","og_url":"https:\/\/euroequipe.eu\/de\/die-gruppe\/unsere-geschichte\/","og_site_name":"Euroequipe","article_modified_time":"2026-02-23T16:49:06+00:00","og_image":[{"width":1868,"height":575,"url":"https:\/\/euroequipe.eu\/wp-content\/uploads\/2024\/11\/Raggruppa-1395-compressed.png","type":"image\/png"}],"twitter_card":"summary_large_image","twitter_misc":{"Gesch\u00e4tzte Lesezeit":"2\u00a0Minute"},"schema":{"@context":"https:\/\/schema.org","@graph":[{"@type":"WebPage","@id":"https:\/\/euroequipe.eu\/de\/die-gruppe\/unsere-geschichte\/","url":"https:\/\/euroequipe.eu\/de\/die-gruppe\/unsere-geschichte\/","name":"Unsere Geschichte - Euroequipe","isPartOf":{"@id":"https:\/\/euroequipe.eu\/de\/#website"},"primaryImageOfPage":{"@id":"https:\/\/euroequipe.eu\/de\/die-gruppe\/unsere-geschichte\/#primaryimage"},"image":{"@id":"https:\/\/euroequipe.eu\/de\/die-gruppe\/unsere-geschichte\/#primaryimage"},"thumbnailUrl":"https:\/\/euroequipe.eu\/wp-content\/uploads\/2024\/11\/Raggruppa-1395-compressed.png","datePublished":"2024-10-12T10:56:31+00:00","dateModified":"2026-02-23T16:49:06+00:00","description":"Unsere Geschichte beginnt im Herzen der Emilia-Romagna, in der Provinz Bologna, wo Euroequipe Srl im Jahr 1983 gegr\u00fcndet wurde.","breadcrumb":{"@id":"https:\/\/euroequipe.eu\/de\/die-gruppe\/unsere-geschichte\/#breadcrumb"},"inLanguage":"de","potentialAction":[{"@type":"ReadAction","target":["https:\/\/euroequipe.eu\/de\/die-gruppe\/unsere-geschichte\/"]}]},{"@type":"ImageObject","inLanguage":"de","@id":"https:\/\/euroequipe.eu\/de\/die-gruppe\/unsere-geschichte\/#primaryimage","url":"https:\/\/euroequipe.eu\/wp-content\/uploads\/2024\/11\/Raggruppa-1395-compressed.png","contentUrl":"https:\/\/euroequipe.eu\/wp-content\/uploads\/2024\/11\/Raggruppa-1395-compressed.png","width":1868,"height":575},{"@type":"BreadcrumbList","@id":"https:\/\/euroequipe.eu\/de\/die-gruppe\/unsere-geschichte\/#breadcrumb","itemListElement":[{"@type":"ListItem","position":1,"name":"Home","item":"https:\/\/euroequipe.eu\/de\/"},{"@type":"ListItem","position":2,"name":"Die Gruppe","item":"https:\/\/euroequipe.eu\/de\/die-gruppe\/"},{"@type":"ListItem","position":3,"name":"Unsere Geschichte"}]},{"@type":"WebSite","@id":"https:\/\/euroequipe.eu\/de\/#website","url":"https:\/\/euroequipe.eu\/de\/","name":"Euroequipe srl","description":"","publisher":{"@id":"https:\/\/euroequipe.eu\/de\/#organization"},"potentialAction":[{"@type":"SearchAction","target":{"@type":"EntryPoint","urlTemplate":"https:\/\/euroequipe.eu\/de\/?s={search_term_string}"},"query-input":{"@type":"PropertyValueSpecification","valueRequired":true,"valueName":"search_term_string"}}],"inLanguage":"de"},{"@type":"Organization","@id":"https:\/\/euroequipe.eu\/de\/#organization","name":"Euroequipe srl","url":"https:\/\/euroequipe.eu\/de\/","logo":{"@type":"ImageObject","inLanguage":"de","@id":"https:\/\/euroequipe.eu\/de\/#\/schema\/logo\/image\/","url":"https:\/\/euroequipe.eu\/wp-content\/uploads\/2024\/09\/EuroEquipe-logo.png","contentUrl":"https:\/\/euroequipe.eu\/wp-content\/uploads\/2024\/09\/EuroEquipe-logo.png","width":1024,"height":402,"caption":"Euroequipe srl"},"image":{"@id":"https:\/\/euroequipe.eu\/de\/#\/schema\/logo\/image\/"}}]}},"_links":{"self":[{"href":"https:\/\/euroequipe.eu\/de\/wp-json\/wp\/v2\/pages\/15515","targetHints":{"allow":["GET"]}}],"collection":[{"href":"https:\/\/euroequipe.eu\/de\/wp-json\/wp\/v2\/pages"}],"about":[{"href":"https:\/\/euroequipe.eu\/de\/wp-json\/wp\/v2\/types\/page"}],"author":[{"embeddable":true,"href":"https:\/\/euroequipe.eu\/de\/wp-json\/wp\/v2\/users\/1"}],"replies":[{"embeddable":true,"href":"https:\/\/euroequipe.eu\/de\/wp-json\/wp\/v2\/comments?post=15515"}],"version-history":[{"count":0,"href":"https:\/\/euroequipe.eu\/de\/wp-json\/wp\/v2\/pages\/15515\/revisions"}],"up":[{"embeddable":true,"href":"https:\/\/euroequipe.eu\/de\/wp-json\/wp\/v2\/pages\/15350"}],"wp:featuredmedia":[{"embeddable":true,"href":"https:\/\/euroequipe.eu\/de\/wp-json\/wp\/v2\/media\/15363"}],"wp:attachment":[{"href":"https:\/\/euroequipe.eu\/de\/wp-json\/wp\/v2\/media?parent=15515"}],"curies":[{"name":"wp","href":"https:\/\/api.w.org\/{rel}","templated":true}]}}