{"id":15444,"date":"2024-10-12T15:41:17","date_gmt":"2024-10-12T13:41:17","guid":{"rendered":"https:\/\/euroequipe.eu\/haeufig-gestellte-fragen\/"},"modified":"2026-01-20T09:31:49","modified_gmt":"2026-01-20T08:31:49","slug":"haeufig-gestellte-fragen","status":"publish","type":"page","link":"https:\/\/euroequipe.eu\/de\/haeufig-gestellte-fragen\/","title":{"rendered":"H\u00e4ufig gestellte Fragen"},"content":{"rendered":"<section class=\"l-section wpb_row us_custom_6e6a6958 height_medium\"><div class=\"l-section-h i-cf\"><div class=\"g-cols vc_row via_grid cols_1 laptops-cols_inherit tablets-cols_inherit mobiles-cols_1 valign_top type_default stacking_default\"><div class=\"wpb_column vc_column_container\"><div class=\"vc_column-inner\"><div class=\"g-cols wpb_row us_custom_25380bc7 via_grid cols_1-4 laptops-cols_inherit tablets-cols_1 mobiles-cols_1 valign_top type_default stacking_default\" style=\"--columns-gap:1rem;\"><div class=\"wpb_column vc_column_container\"><div class=\"vc_column-inner\"><h2 class=\"w-text us_custom_7a6fd723\"><span class=\"w-text-h\"><span class=\"w-text-value\">FAQ<\/span><\/span><\/h2><h6 class=\"w-text us_custom_8035810e has_text_color\"><span class=\"w-text-h\"><span class=\"w-text-value\">H\u00e4ufig gestellte Fragen<\/span><\/span><\/h6><\/div><\/div><div class=\"wpb_column vc_column_container\"><div class=\"vc_column-inner\"><div class=\"w-tabs style_default switch_click accordion\"><div class=\"w-tabs-sections titles-align_none icon_plus cpos_right\"><div class=\"w-tabs-section\" id=\"k540\" itemscope itemprop=\"mainEntity\" itemtype=\"https:\/\/schema.org\/Question\"><button class=\"w-tabs-section-header\" aria-controls=\"content-k540\" aria-expanded=\"false\"><h6 class=\"w-tabs-section-title\" itemprop=\"name\">Was sind die Voraussetzungen f\u00fcr den Zugang zu Wiederverk\u00e4uferangeboten?<\/h6><div class=\"w-tabs-section-control\"><\/div><\/button><div  class=\"w-tabs-section-content\" id=\"content-k540\" itemscope itemprop=\"acceptedAnswer\" itemtype=\"https:\/\/schema.org\/Answer\"><div class=\"w-tabs-section-content-h i-cf\" itemprop=\"text\"><div class=\"wpb_text_column\"><div class=\"wpb_wrapper\"><p>Um auf die Angebote f\u00fcr Wiederverk\u00e4ufer zugreifen zu k\u00f6nnen, m\u00fcssen Sie sich auf der Website registrieren, indem Sie Ihre Umsatzsteuer-Identifikationsnummer und Ihre Unternehmensdaten angeben. Sobald Ihre Registrierung abgeschlossen ist, wird unser Team Ihre Angaben \u00fcberpr\u00fcfen und Ihr Konto genehmigen. Erst nach der Genehmigung k\u00f6nnen Sie die reservierten Preise einsehen und auf spezielle Angebote zugreifen.<\/p>\n<\/div><\/div><\/div><\/div><\/div><div class=\"w-tabs-section\" id=\"v644\" itemscope itemprop=\"mainEntity\" itemtype=\"https:\/\/schema.org\/Question\"><button class=\"w-tabs-section-header\" aria-controls=\"content-v644\" aria-expanded=\"false\"><h6 class=\"w-tabs-section-title\" itemprop=\"name\">Wo kann ich aktuelle Kataloge Ihrer Marken herunterladen?<\/h6><div class=\"w-tabs-section-control\"><\/div><\/button><div  class=\"w-tabs-section-content\" id=\"content-v644\" itemscope itemprop=\"acceptedAnswer\" itemtype=\"https:\/\/schema.org\/Answer\"><div class=\"w-tabs-section-content-h i-cf\" itemprop=\"text\"><div class=\"wpb_text_column\"><div class=\"wpb_wrapper\"><p>Sie k\u00f6nnen aktualisierte Kataloge unserer Marken anfordern, indem Sie uns eine E-Mail schicken oder sie direkt aus dem Bereich Produkte der Website herunterladen, der allen registrierten Benutzern zur Verf\u00fcgung steht.<\/p>\n<\/div><\/div><\/div><\/div><\/div><div class=\"w-tabs-section\" id=\"k719\" itemscope itemprop=\"mainEntity\" itemtype=\"https:\/\/schema.org\/Question\"><button class=\"w-tabs-section-header\" aria-controls=\"content-k719\" aria-expanded=\"false\"><h6 class=\"w-tabs-section-title\" itemprop=\"name\">Wie kann ich technische Unterst\u00fctzung f\u00fcr Ihre Produkte erhalten?<\/h6><div class=\"w-tabs-section-control\"><\/div><\/button><div  class=\"w-tabs-section-content\" id=\"content-k719\" itemscope itemprop=\"acceptedAnswer\" itemtype=\"https:\/\/schema.org\/Answer\"><div class=\"w-tabs-section-content-h i-cf\" itemprop=\"text\"><div class=\"wpb_text_column\"><div class=\"wpb_wrapper\"><p>Wenn Sie technische Unterst\u00fctzung f\u00fcr unsere Produkte ben\u00f6tigen, k\u00f6nnen Sie uns \u00fcber das Formular im Abschnitt Kontakt auf der Website kontaktieren oder uns eine E-Mail an <a href=\"mailto:assistance@hidroself.it\">assistance@hidroself.it<\/a> schicken. Unser Team hilft Ihnen gerne bei allen Fragen.<\/p>\n<\/div><\/div><\/div><\/div><\/div><div class=\"w-tabs-section\" id=\"r7e1\" itemscope itemprop=\"mainEntity\" itemtype=\"https:\/\/schema.org\/Question\"><button class=\"w-tabs-section-header\" aria-controls=\"content-r7e1\" aria-expanded=\"false\"><h6 class=\"w-tabs-section-title\" itemprop=\"name\">Wie lange ist die Lieferzeit f\u00fcr gekaufte Produkte?<\/h6><div class=\"w-tabs-section-control\"><\/div><\/button><div  class=\"w-tabs-section-content\" id=\"content-r7e1\" itemscope itemprop=\"acceptedAnswer\" itemtype=\"https:\/\/schema.org\/Answer\"><div class=\"w-tabs-section-content-h i-cf\" itemprop=\"text\"><div class=\"wpb_text_column\"><div class=\"wpb_wrapper\"><p>Die Lieferzeiten variieren je nach Verf\u00fcgbarkeit der Produkte und dem Bestimmungsort der Bestellung. In der Regel erfolgt die Lieferung innerhalb von 3-5 Werktagen nach Bearbeitung der Bestellung. Um sich \u00fcber den Status Ihrer Sendung zu informieren, k\u00f6nnen Sie den privaten Bereich konsultieren oder uns direkt kontaktieren.<\/p>\n<\/div><\/div><\/div><\/div><\/div><div class=\"w-tabs-section\" id=\"v8aa\" itemscope itemprop=\"mainEntity\" itemtype=\"https:\/\/schema.org\/Question\"><button class=\"w-tabs-section-header\" aria-controls=\"content-v8aa\" aria-expanded=\"false\"><h6 class=\"w-tabs-section-title\" itemprop=\"name\">Warum ist es m\u00f6glich, bei der Registrierung mehr als eine Kontaktperson anzugeben?<\/h6><div class=\"w-tabs-section-control\"><\/div><\/button><div  class=\"w-tabs-section-content\" id=\"content-v8aa\" itemscope itemprop=\"acceptedAnswer\" itemtype=\"https:\/\/schema.org\/Answer\"><div class=\"w-tabs-section-content-h i-cf\" itemprop=\"text\"><div class=\"wpb_text_column\"><div class=\"wpb_wrapper\"><p>Wir erlauben die Einbeziehung mehrerer Ansprechpartner, um eine flexiblere und kollaborative Verwaltung zu erm\u00f6glichen. Wenn zwei Gesch\u00e4fte mehrere Manager in derselben Abteilung haben, k\u00f6nnen diese gemeinsam bestellen oder dieselben Informationen einsehen, indem sie sich mit separaten Konten registrieren, die jedoch mit demselben Unternehmensprofil verkn\u00fcpft sind.<\/p>\n<\/div><\/div><\/div><\/div><\/div><div class=\"w-tabs-section\" id=\"z9b1\" itemscope itemprop=\"mainEntity\" itemtype=\"https:\/\/schema.org\/Question\"><button class=\"w-tabs-section-header\" aria-controls=\"content-z9b1\" aria-expanded=\"false\"><h6 class=\"w-tabs-section-title\" itemprop=\"name\">Wie funktioniert das Preisnachlass-System?<\/h6><div class=\"w-tabs-section-control\"><\/div><\/button><div  class=\"w-tabs-section-content\" id=\"content-z9b1\" itemscope itemprop=\"acceptedAnswer\" itemtype=\"https:\/\/schema.org\/Answer\"><div class=\"w-tabs-section-content-h i-cf\" itemprop=\"text\"><div class=\"wpb_text_column\"><div class=\"wpb_wrapper\"><p>Nachdem Sie sich eingeloggt haben, k\u00f6nnen Sie die Preise f\u00fcr sich sehen, Angebote nutzen und Produkte frei kaufen.<\/p>\n<p>Die Produktpreise haben einen h\u00f6heren Rabatt, der von der Menge abh\u00e4ngt: ab 500 \u20ac erhalten Sie <strong>kostenlosen Versand<\/strong>, ab 1.000 \u20ac erhalten Sie einen weiteren <strong>Rabatt von 3%<\/strong> und ab 3.000 \u20ac erhalten Sie einen <strong>weiteren Rabatt von 7%.<\/strong><\/p>\n<p>Au\u00dferdem erhalten Sie bei Ihrer ersten Bestellung einen <strong>Rabatt von 10%<\/strong>, wenn Sie vor der Zahlung den Aktionscode <strong>WELCOME<\/strong> in das daf\u00fcr vorgesehene Feld eingeben.<\/p>\n<p>Aber das ist noch nicht alles: Nach Ihrem Kauf erhalten Sie einen<strong> zus\u00e4tzlichen Rabatt von 10%<\/strong> auf Ihre n\u00e4chste Bestellung (g\u00fcltig f\u00fcr volle 6 Monate!).<\/p>\n<\/div><\/div><\/div><\/div><\/div><\/div><\/div><\/div><\/div><\/div><\/div><\/div><\/div><\/div><\/section>\n","protected":false},"excerpt":{"rendered":"FAQH\u00e4ufig gestellte FragenWas sind die Voraussetzungen f\u00fcr den Zugang zu Wiederverk\u00e4uferangeboten?Um auf die Angebote f\u00fcr Wiederverk\u00e4ufer zugreifen zu k\u00f6nnen, m\u00fcssen Sie sich auf der Website registrieren, indem Sie Ihre Umsatzsteuer-Identifikationsnummer und Ihre Unternehmensdaten angeben. Sobald Ihre Registrierung abgeschlossen ist, wird unser Team Ihre Angaben \u00fcberpr\u00fcfen und Ihr Konto genehmigen. Erst nach der Genehmigung k\u00f6nnen Sie...","protected":false},"author":1,"featured_media":15338,"parent":0,"menu_order":0,"comment_status":"closed","ping_status":"closed","template":"","meta":{"_acf_changed":false,"footnotes":""},"class_list":["post-15444","page","type-page","status-publish","has-post-thumbnail","hentry"],"acf":[],"yoast_head":"<!-- This site is optimized with the Yoast SEO plugin v27.3 - https:\/\/yoast.com\/product\/yoast-seo-wordpress\/ -->\n<title>H\u00e4ufig gestellte Fragen - Euroequipe<\/title>\n<meta name=\"robots\" content=\"index, follow, max-snippet:-1, max-image-preview:large, max-video-preview:-1\" \/>\n<link rel=\"canonical\" href=\"https:\/\/euroequipe.eu\/de\/haeufig-gestellte-fragen\/\" \/>\n<meta property=\"og:locale\" content=\"de_DE\" \/>\n<meta property=\"og:type\" content=\"article\" \/>\n<meta property=\"og:title\" content=\"H\u00e4ufig gestellte Fragen - Euroequipe\" \/>\n<meta property=\"og:url\" content=\"https:\/\/euroequipe.eu\/de\/haeufig-gestellte-fragen\/\" \/>\n<meta property=\"og:site_name\" content=\"Euroequipe\" \/>\n<meta property=\"article:modified_time\" content=\"2026-01-20T08:31:49+00:00\" \/>\n<meta property=\"og:image\" content=\"https:\/\/euroequipe.eu\/wp-content\/uploads\/2024\/10\/euroequipe-sede.jpg\" \/>\n\t<meta property=\"og:image:width\" content=\"1844\" \/>\n\t<meta property=\"og:image:height\" content=\"556\" \/>\n\t<meta property=\"og:image:type\" content=\"image\/jpeg\" \/>\n<meta name=\"twitter:card\" content=\"summary_large_image\" \/>\n<meta name=\"twitter:label1\" content=\"Gesch\u00e4tzte Lesezeit\" \/>\n\t<meta name=\"twitter:data1\" content=\"4\u00a0Minute\" \/>\n<script type=\"application\/ld+json\" class=\"yoast-schema-graph\">{\"@context\":\"https:\\\/\\\/schema.org\",\"@graph\":[{\"@type\":\"WebPage\",\"@id\":\"https:\\\/\\\/euroequipe.eu\\\/de\\\/haeufig-gestellte-fragen\\\/\",\"url\":\"https:\\\/\\\/euroequipe.eu\\\/de\\\/haeufig-gestellte-fragen\\\/\",\"name\":\"H\u00e4ufig gestellte Fragen - Euroequipe\",\"isPartOf\":{\"@id\":\"https:\\\/\\\/euroequipe.eu\\\/de\\\/#website\"},\"primaryImageOfPage\":{\"@id\":\"https:\\\/\\\/euroequipe.eu\\\/de\\\/haeufig-gestellte-fragen\\\/#primaryimage\"},\"image\":{\"@id\":\"https:\\\/\\\/euroequipe.eu\\\/de\\\/haeufig-gestellte-fragen\\\/#primaryimage\"},\"thumbnailUrl\":\"https:\\\/\\\/euroequipe.eu\\\/wp-content\\\/uploads\\\/2024\\\/10\\\/euroequipe-sede.jpg\",\"datePublished\":\"2024-10-12T13:41:17+00:00\",\"dateModified\":\"2026-01-20T08:31:49+00:00\",\"breadcrumb\":{\"@id\":\"https:\\\/\\\/euroequipe.eu\\\/de\\\/haeufig-gestellte-fragen\\\/#breadcrumb\"},\"inLanguage\":\"de\",\"potentialAction\":[{\"@type\":\"ReadAction\",\"target\":[\"https:\\\/\\\/euroequipe.eu\\\/de\\\/haeufig-gestellte-fragen\\\/\"]}]},{\"@type\":\"ImageObject\",\"inLanguage\":\"de\",\"@id\":\"https:\\\/\\\/euroequipe.eu\\\/de\\\/haeufig-gestellte-fragen\\\/#primaryimage\",\"url\":\"https:\\\/\\\/euroequipe.eu\\\/wp-content\\\/uploads\\\/2024\\\/10\\\/euroequipe-sede.jpg\",\"contentUrl\":\"https:\\\/\\\/euroequipe.eu\\\/wp-content\\\/uploads\\\/2024\\\/10\\\/euroequipe-sede.jpg\",\"width\":1844,\"height\":556},{\"@type\":\"BreadcrumbList\",\"@id\":\"https:\\\/\\\/euroequipe.eu\\\/de\\\/haeufig-gestellte-fragen\\\/#breadcrumb\",\"itemListElement\":[{\"@type\":\"ListItem\",\"position\":1,\"name\":\"Home\",\"item\":\"https:\\\/\\\/euroequipe.eu\\\/de\\\/\"},{\"@type\":\"ListItem\",\"position\":2,\"name\":\"H\u00e4ufig gestellte Fragen\"}]},{\"@type\":\"WebSite\",\"@id\":\"https:\\\/\\\/euroequipe.eu\\\/de\\\/#website\",\"url\":\"https:\\\/\\\/euroequipe.eu\\\/de\\\/\",\"name\":\"Euroequipe srl\",\"description\":\"\",\"publisher\":{\"@id\":\"https:\\\/\\\/euroequipe.eu\\\/de\\\/#organization\"},\"potentialAction\":[{\"@type\":\"SearchAction\",\"target\":{\"@type\":\"EntryPoint\",\"urlTemplate\":\"https:\\\/\\\/euroequipe.eu\\\/de\\\/?s={search_term_string}\"},\"query-input\":{\"@type\":\"PropertyValueSpecification\",\"valueRequired\":true,\"valueName\":\"search_term_string\"}}],\"inLanguage\":\"de\"},{\"@type\":\"Organization\",\"@id\":\"https:\\\/\\\/euroequipe.eu\\\/de\\\/#organization\",\"name\":\"Euroequipe srl\",\"url\":\"https:\\\/\\\/euroequipe.eu\\\/de\\\/\",\"logo\":{\"@type\":\"ImageObject\",\"inLanguage\":\"de\",\"@id\":\"https:\\\/\\\/euroequipe.eu\\\/de\\\/#\\\/schema\\\/logo\\\/image\\\/\",\"url\":\"https:\\\/\\\/euroequipe.eu\\\/wp-content\\\/uploads\\\/2024\\\/09\\\/EuroEquipe-logo.png\",\"contentUrl\":\"https:\\\/\\\/euroequipe.eu\\\/wp-content\\\/uploads\\\/2024\\\/09\\\/EuroEquipe-logo.png\",\"width\":1024,\"height\":402,\"caption\":\"Euroequipe srl\"},\"image\":{\"@id\":\"https:\\\/\\\/euroequipe.eu\\\/de\\\/#\\\/schema\\\/logo\\\/image\\\/\"}}]}<\/script>\n<!-- \/ Yoast SEO plugin. -->","yoast_head_json":{"title":"H\u00e4ufig gestellte Fragen - Euroequipe","robots":{"index":"index","follow":"follow","max-snippet":"max-snippet:-1","max-image-preview":"max-image-preview:large","max-video-preview":"max-video-preview:-1"},"canonical":"https:\/\/euroequipe.eu\/de\/haeufig-gestellte-fragen\/","og_locale":"de_DE","og_type":"article","og_title":"H\u00e4ufig gestellte Fragen - Euroequipe","og_url":"https:\/\/euroequipe.eu\/de\/haeufig-gestellte-fragen\/","og_site_name":"Euroequipe","article_modified_time":"2026-01-20T08:31:49+00:00","og_image":[{"width":1844,"height":556,"url":"https:\/\/euroequipe.eu\/wp-content\/uploads\/2024\/10\/euroequipe-sede.jpg","type":"image\/jpeg"}],"twitter_card":"summary_large_image","twitter_misc":{"Gesch\u00e4tzte Lesezeit":"4\u00a0Minute"},"schema":{"@context":"https:\/\/schema.org","@graph":[{"@type":"WebPage","@id":"https:\/\/euroequipe.eu\/de\/haeufig-gestellte-fragen\/","url":"https:\/\/euroequipe.eu\/de\/haeufig-gestellte-fragen\/","name":"H\u00e4ufig gestellte Fragen - Euroequipe","isPartOf":{"@id":"https:\/\/euroequipe.eu\/de\/#website"},"primaryImageOfPage":{"@id":"https:\/\/euroequipe.eu\/de\/haeufig-gestellte-fragen\/#primaryimage"},"image":{"@id":"https:\/\/euroequipe.eu\/de\/haeufig-gestellte-fragen\/#primaryimage"},"thumbnailUrl":"https:\/\/euroequipe.eu\/wp-content\/uploads\/2024\/10\/euroequipe-sede.jpg","datePublished":"2024-10-12T13:41:17+00:00","dateModified":"2026-01-20T08:31:49+00:00","breadcrumb":{"@id":"https:\/\/euroequipe.eu\/de\/haeufig-gestellte-fragen\/#breadcrumb"},"inLanguage":"de","potentialAction":[{"@type":"ReadAction","target":["https:\/\/euroequipe.eu\/de\/haeufig-gestellte-fragen\/"]}]},{"@type":"ImageObject","inLanguage":"de","@id":"https:\/\/euroequipe.eu\/de\/haeufig-gestellte-fragen\/#primaryimage","url":"https:\/\/euroequipe.eu\/wp-content\/uploads\/2024\/10\/euroequipe-sede.jpg","contentUrl":"https:\/\/euroequipe.eu\/wp-content\/uploads\/2024\/10\/euroequipe-sede.jpg","width":1844,"height":556},{"@type":"BreadcrumbList","@id":"https:\/\/euroequipe.eu\/de\/haeufig-gestellte-fragen\/#breadcrumb","itemListElement":[{"@type":"ListItem","position":1,"name":"Home","item":"https:\/\/euroequipe.eu\/de\/"},{"@type":"ListItem","position":2,"name":"H\u00e4ufig gestellte Fragen"}]},{"@type":"WebSite","@id":"https:\/\/euroequipe.eu\/de\/#website","url":"https:\/\/euroequipe.eu\/de\/","name":"Euroequipe srl","description":"","publisher":{"@id":"https:\/\/euroequipe.eu\/de\/#organization"},"potentialAction":[{"@type":"SearchAction","target":{"@type":"EntryPoint","urlTemplate":"https:\/\/euroequipe.eu\/de\/?s={search_term_string}"},"query-input":{"@type":"PropertyValueSpecification","valueRequired":true,"valueName":"search_term_string"}}],"inLanguage":"de"},{"@type":"Organization","@id":"https:\/\/euroequipe.eu\/de\/#organization","name":"Euroequipe srl","url":"https:\/\/euroequipe.eu\/de\/","logo":{"@type":"ImageObject","inLanguage":"de","@id":"https:\/\/euroequipe.eu\/de\/#\/schema\/logo\/image\/","url":"https:\/\/euroequipe.eu\/wp-content\/uploads\/2024\/09\/EuroEquipe-logo.png","contentUrl":"https:\/\/euroequipe.eu\/wp-content\/uploads\/2024\/09\/EuroEquipe-logo.png","width":1024,"height":402,"caption":"Euroequipe srl"},"image":{"@id":"https:\/\/euroequipe.eu\/de\/#\/schema\/logo\/image\/"}}]}},"_links":{"self":[{"href":"https:\/\/euroequipe.eu\/de\/wp-json\/wp\/v2\/pages\/15444","targetHints":{"allow":["GET"]}}],"collection":[{"href":"https:\/\/euroequipe.eu\/de\/wp-json\/wp\/v2\/pages"}],"about":[{"href":"https:\/\/euroequipe.eu\/de\/wp-json\/wp\/v2\/types\/page"}],"author":[{"embeddable":true,"href":"https:\/\/euroequipe.eu\/de\/wp-json\/wp\/v2\/users\/1"}],"replies":[{"embeddable":true,"href":"https:\/\/euroequipe.eu\/de\/wp-json\/wp\/v2\/comments?post=15444"}],"version-history":[{"count":0,"href":"https:\/\/euroequipe.eu\/de\/wp-json\/wp\/v2\/pages\/15444\/revisions"}],"wp:featuredmedia":[{"embeddable":true,"href":"https:\/\/euroequipe.eu\/de\/wp-json\/wp\/v2\/media\/15338"}],"wp:attachment":[{"href":"https:\/\/euroequipe.eu\/de\/wp-json\/wp\/v2\/media?parent=15444"}],"curies":[{"name":"wp","href":"https:\/\/api.w.org\/{rel}","templated":true}]}}