{"id":15336,"date":"2024-10-12T15:51:41","date_gmt":"2024-10-12T13:51:41","guid":{"rendered":"https:\/\/euroequipe.eu\/kontakt\/"},"modified":"2026-01-20T09:31:06","modified_gmt":"2026-01-20T08:31:06","slug":"kontakt","status":"publish","type":"page","link":"https:\/\/euroequipe.eu\/de\/kontakt\/","title":{"rendered":"Kontakt"},"content":{"rendered":"<section class=\"l-section wpb_row height_medium\"><div class=\"l-section-h i-cf\"><div class=\"g-cols vc_row via_grid cols_1 laptops-cols_inherit tablets-cols_inherit mobiles-cols_1 valign_top type_default stacking_default\"><div class=\"wpb_column vc_column_container\"><div class=\"vc_column-inner\"><h1 class=\"w-text us_custom_b4851f87 us_animate_this\"><span class=\"w-text-h\"><span class=\"w-text-value\">KONTAKTE<\/span><\/span><\/h1><div class=\"w-separator size_small\"><\/div><div class=\"g-cols wpb_row via_grid cols_2-3 laptops-cols_inherit tablets-cols_1 mobiles-cols_1 valign_top type_default stacking_default\" style=\"--columns-gap:1rem;\"><div class=\"wpb_column vc_column_container us_custom_8a58fc8a us_animate_this has_bg_color\"><div class=\"vc_column-inner\"><h3 class=\"w-text us_custom_c901145c\"><span class=\"w-text-h\"><span class=\"w-text-value\">Kontakt<\/span><\/span><\/h3><div class=\"w-separator size_huge\"><\/div><div class=\"wpb_text_column\"><div class=\"wpb_wrapper\"><p><strong>Adresse<\/strong><br \/>\nVia del Lavoro 1, 40053 Crespellano BO<\/p>\n<p><strong>Telefon<\/strong><br \/>\n+39 051 734808<\/p>\n<p><strong>\u00d6ffnungszeiten<\/strong><br \/>\n08:45 &#8211; 12:45 \/ 14:00 &#8211; 18:00<\/p>\n<p><strong>Email<\/strong><br \/>\neuroequipe@euroequipe.com<\/p>\n<\/div><\/div><\/div><\/div><div class=\"wpb_column vc_column_container us_custom_311d4d1f us_animate_this has_bg_color\"><div class=\"vc_column-inner\"><h3 class=\"w-text us_custom_c901145c\"><span class=\"w-text-h\"><span class=\"w-text-value\">Kontaktformular f\u00fcr Fachleute<\/span><\/span><\/h3><h6 class=\"w-text\"><span class=\"w-text-h\"><span class=\"w-text-value\">F\u00fcllen Sie das Formular aus und wir werden Sie kontaktieren!<\/span><\/span><\/h6><div class=\"w-separator size_small\"><\/div><form class=\"w-form  us-field-style_1 layout_ver show_message_after_sending for_cform us_form_1 validate_by_recaptcha\" action=\"https:\/\/euroequipe.eu\/de\/wp-json\/wp\/v2\/pages\/15336\" method=\"post\"><div class=\"w-form-h\"><div class=\"w-form-row for_text has_label move_label required cols_3\">\r\n\t\t\t<div class=\"w-form-row-label\">\r\n\t\t\t<span>Name *<\/span>\r\n\t\t<\/div>\r\n\t\t<div class=\"w-form-row-field\">\r\n\t\t\t\t\t\t<input aria-label=\"Name\" type=\"text\" name=\"us_form_1_text_1\" value placeholder data-required=\"true\" aria-required=\"true\"\/>\r\n\t\t\t<\/div>\r\n\t\t<div class=\"w-form-row-state\">Bitte f\u00fcllen Sie dieses Feld aus.<\/div>\r\n<\/div>\r\n<div class=\"w-form-row for_text has_label move_label required cols_3\">\r\n\t\t\t<div class=\"w-form-row-label\">\r\n\t\t\t<span>Nachname *<\/span>\r\n\t\t<\/div>\r\n\t\t<div class=\"w-form-row-field\">\r\n\t\t\t\t\t\t<input aria-label=\"Nachname\" type=\"text\" name=\"us_form_1_text_2\" value placeholder data-required=\"true\" aria-required=\"true\"\/>\r\n\t\t\t<\/div>\r\n\t\t<div class=\"w-form-row-state\">Bitte f\u00fcllen Sie dieses Feld aus.<\/div>\r\n<\/div>\r\n<div class=\"w-form-row for_email has_label move_label required cols_3\">\r\n\t\t\t<div class=\"w-form-row-label\">\r\n\t\t\t<span>E-Mail *<\/span>\r\n\t\t<\/div>\r\n\t\t<div class=\"w-form-row-field\">\r\n\t\t\t\t\t\t<input aria-label=\"E-Mail\" type=\"email\" name=\"us_form_1_email_1\" value placeholder data-required=\"true\" aria-required=\"true\"\/>\r\n\t\t\t<\/div>\r\n\t\t<div class=\"w-form-row-state\">Bitte gib eine g\u00fcltige E-Mail-Adresse ein.<\/div>\r\n<\/div>\r\n<div class=\"w-form-row for_textarea has_label move_label required\">\r\n\t\t\t<div class=\"w-form-row-label\">\r\n\t\t\t<span>Nachricht *<\/span>\r\n\t\t<\/div>\r\n\t\t<div class=\"w-form-row-field\">\r\n\t\t\t\t\t\t<textarea aria-label=\"Nachricht\" name=\"us_form_1_textarea_1\" placeholder data-required=\"true\" aria-required=\"true\"><\/textarea>\r\n\t\t\t<\/div>\r\n\t\t<div class=\"w-form-row-state\">Bitte f\u00fcllen Sie dieses Feld aus.<\/div>\r\n<\/div>\r\n<div class=\"w-form-row for_agreement required\">\r\n\t\t<div class=\"w-form-row-field\">\r\n\t\t\t\t<label>\r\n\t\t\t<input type=\"checkbox\" value=\"1\" data-required=\"true\" aria-required=\"true\" name=\"us_form_1_agreement_1\"\/>\r\n\t\t\t<span>  Nachdem ich die Datenschutzerkl\u00e4rung gelesen habe, stimme ich der Verarbeitung meiner personenbezogenen Daten gem\u00e4\u00df Art. 13 EU-Verordnung 2016\/679 zu. <\/span>\r\n\t\t<\/label>\r\n\t\t\t<\/div>\r\n\t\t<div class=\"w-form-row-state\">Sie m\u00fcssen den Bedingungen zustimmen, um fortzufahren.<\/div>\r\n<\/div>\r\n<input type=\"hidden\" name=\"action\" value=\"us_ajax_cform\" \/>\r\n<input type=\"hidden\" name=\"post_id\" value=\"0\" \/>\r\n<input type=\"hidden\" name=\"form_index\" value=\"1\" \/>\r\n<div class=\"w-form-row for_recaptcha_text\">Protected by reCAPTCHA - Google <a href=\"https:\/\/policies.google.com\/privacy\" target=\"_blank\">Privacy Policy<\/a> & <a href=\"https:\/\/policies.google.com\/terms\" target=\"_blank\">Terms of Service<\/a><\/div><div class=\"w-form-row for_submit align_justify\">\r\n\t<button class=\"w-btn  us-btn-style_1\" aria-label=\"Absenden\" type=\"submit\">\r\n\t\t<span class=\"g-preloader type_1\"><\/span>\r\n\t\t\t\t<span class=\"w-btn-label\">Absenden<\/span>\r\n\t\t\t<\/button>\r\n\t<\/div>\r\n<\/div><div class=\"w-form-message\"><\/div><div class=\"w-form-json hidden\" onclick='return {&quot;ajaxurl&quot;:&quot;https:\\\/\\\/euroequipe.eu\\\/wp-admin\\\/admin-ajax.php&quot;,&quot;messages&quot;:{&quot;err_empty&quot;:&quot;Bitte f\\u00fcllen Sie dieses Feld aus.&quot;,&quot;err_size&quot;:&quot;Die Dateigr\\u00f6\\u00dfe darf %s MB nicht \\u00fcberschreiten&quot;,&quot;err_extension&quot;:&quot;Dateityp %s ist nicht zul\\u00e4ssig&quot;,&quot;err_recaptcha_keys&quot;:&quot;reCAPTCHA-Schl\\u00fcssel sind fehlerhaft&quot;},&quot;recaptcha_site_key&quot;:&quot;6LcLvwwsAAAAAGYyFfC3KRePo2P3gMpqWWRdxOe0&quot;}'><\/div><\/form><\/div><\/div><\/div><\/div><\/div><\/div><\/div><\/section>\n","protected":false},"excerpt":{"rendered":"KONTAKTEKontaktAdresse Via del Lavoro 1, 40053 Crespellano BO Telefon +39 051 734808 \u00d6ffnungszeiten 08:45 &#8211; 12:45 \/ 14:00 &#8211; 18:00 Email euroequipe@euroequipe.com Kontaktformular f\u00fcr FachleuteF\u00fcllen Sie das Formular aus und wir werden Sie kontaktieren! Name * Bitte f\u00fcllen Sie dieses Feld aus. Nachname * Bitte f\u00fcllen Sie dieses Feld aus. E-Mail * Bitte gib eine...","protected":false},"author":1,"featured_media":15338,"parent":0,"menu_order":0,"comment_status":"closed","ping_status":"closed","template":"","meta":{"_acf_changed":false,"footnotes":""},"class_list":["post-15336","page","type-page","status-publish","has-post-thumbnail","hentry"],"acf":[],"yoast_head":"<!-- This site is optimized with the Yoast SEO plugin v27.3 - https:\/\/yoast.com\/product\/yoast-seo-wordpress\/ -->\n<title>Kontakt - Euroequipe<\/title>\n<meta name=\"robots\" content=\"index, follow, max-snippet:-1, max-image-preview:large, max-video-preview:-1\" \/>\n<link rel=\"canonical\" href=\"https:\/\/euroequipe.eu\/de\/kontakt\/\" \/>\n<meta property=\"og:locale\" content=\"de_DE\" \/>\n<meta property=\"og:type\" content=\"article\" \/>\n<meta property=\"og:title\" content=\"Kontakt - Euroequipe\" \/>\n<meta property=\"og:url\" content=\"https:\/\/euroequipe.eu\/de\/kontakt\/\" \/>\n<meta property=\"og:site_name\" content=\"Euroequipe\" \/>\n<meta property=\"article:modified_time\" content=\"2026-01-20T08:31:06+00:00\" \/>\n<meta property=\"og:image\" content=\"https:\/\/euroequipe.eu\/wp-content\/uploads\/2024\/10\/euroequipe-sede.jpg\" \/>\n\t<meta property=\"og:image:width\" content=\"1844\" \/>\n\t<meta property=\"og:image:height\" content=\"556\" \/>\n\t<meta property=\"og:image:type\" content=\"image\/jpeg\" \/>\n<meta name=\"twitter:card\" content=\"summary_large_image\" \/>\n<meta name=\"twitter:label1\" content=\"Gesch\u00e4tzte Lesezeit\" \/>\n\t<meta name=\"twitter:data1\" content=\"4\u00a0Minute\" \/>\n<script type=\"application\/ld+json\" class=\"yoast-schema-graph\">{\"@context\":\"https:\\\/\\\/schema.org\",\"@graph\":[{\"@type\":\"WebPage\",\"@id\":\"https:\\\/\\\/euroequipe.eu\\\/de\\\/kontakt\\\/\",\"url\":\"https:\\\/\\\/euroequipe.eu\\\/de\\\/kontakt\\\/\",\"name\":\"Kontakt - Euroequipe\",\"isPartOf\":{\"@id\":\"https:\\\/\\\/euroequipe.eu\\\/de\\\/#website\"},\"primaryImageOfPage\":{\"@id\":\"https:\\\/\\\/euroequipe.eu\\\/de\\\/kontakt\\\/#primaryimage\"},\"image\":{\"@id\":\"https:\\\/\\\/euroequipe.eu\\\/de\\\/kontakt\\\/#primaryimage\"},\"thumbnailUrl\":\"https:\\\/\\\/euroequipe.eu\\\/wp-content\\\/uploads\\\/2024\\\/10\\\/euroequipe-sede.jpg\",\"datePublished\":\"2024-10-12T13:51:41+00:00\",\"dateModified\":\"2026-01-20T08:31:06+00:00\",\"breadcrumb\":{\"@id\":\"https:\\\/\\\/euroequipe.eu\\\/de\\\/kontakt\\\/#breadcrumb\"},\"inLanguage\":\"de\",\"potentialAction\":[{\"@type\":\"ReadAction\",\"target\":[\"https:\\\/\\\/euroequipe.eu\\\/de\\\/kontakt\\\/\"]}]},{\"@type\":\"ImageObject\",\"inLanguage\":\"de\",\"@id\":\"https:\\\/\\\/euroequipe.eu\\\/de\\\/kontakt\\\/#primaryimage\",\"url\":\"https:\\\/\\\/euroequipe.eu\\\/wp-content\\\/uploads\\\/2024\\\/10\\\/euroequipe-sede.jpg\",\"contentUrl\":\"https:\\\/\\\/euroequipe.eu\\\/wp-content\\\/uploads\\\/2024\\\/10\\\/euroequipe-sede.jpg\",\"width\":1844,\"height\":556},{\"@type\":\"BreadcrumbList\",\"@id\":\"https:\\\/\\\/euroequipe.eu\\\/de\\\/kontakt\\\/#breadcrumb\",\"itemListElement\":[{\"@type\":\"ListItem\",\"position\":1,\"name\":\"Home\",\"item\":\"https:\\\/\\\/euroequipe.eu\\\/de\\\/\"},{\"@type\":\"ListItem\",\"position\":2,\"name\":\"Kontakt\"}]},{\"@type\":\"WebSite\",\"@id\":\"https:\\\/\\\/euroequipe.eu\\\/de\\\/#website\",\"url\":\"https:\\\/\\\/euroequipe.eu\\\/de\\\/\",\"name\":\"Euroequipe srl\",\"description\":\"\",\"publisher\":{\"@id\":\"https:\\\/\\\/euroequipe.eu\\\/de\\\/#organization\"},\"potentialAction\":[{\"@type\":\"SearchAction\",\"target\":{\"@type\":\"EntryPoint\",\"urlTemplate\":\"https:\\\/\\\/euroequipe.eu\\\/de\\\/?s={search_term_string}\"},\"query-input\":{\"@type\":\"PropertyValueSpecification\",\"valueRequired\":true,\"valueName\":\"search_term_string\"}}],\"inLanguage\":\"de\"},{\"@type\":\"Organization\",\"@id\":\"https:\\\/\\\/euroequipe.eu\\\/de\\\/#organization\",\"name\":\"Euroequipe srl\",\"url\":\"https:\\\/\\\/euroequipe.eu\\\/de\\\/\",\"logo\":{\"@type\":\"ImageObject\",\"inLanguage\":\"de\",\"@id\":\"https:\\\/\\\/euroequipe.eu\\\/de\\\/#\\\/schema\\\/logo\\\/image\\\/\",\"url\":\"https:\\\/\\\/euroequipe.eu\\\/wp-content\\\/uploads\\\/2024\\\/09\\\/EuroEquipe-logo.png\",\"contentUrl\":\"https:\\\/\\\/euroequipe.eu\\\/wp-content\\\/uploads\\\/2024\\\/09\\\/EuroEquipe-logo.png\",\"width\":1024,\"height\":402,\"caption\":\"Euroequipe srl\"},\"image\":{\"@id\":\"https:\\\/\\\/euroequipe.eu\\\/de\\\/#\\\/schema\\\/logo\\\/image\\\/\"}}]}<\/script>\n<!-- \/ Yoast SEO plugin. -->","yoast_head_json":{"title":"Kontakt - Euroequipe","robots":{"index":"index","follow":"follow","max-snippet":"max-snippet:-1","max-image-preview":"max-image-preview:large","max-video-preview":"max-video-preview:-1"},"canonical":"https:\/\/euroequipe.eu\/de\/kontakt\/","og_locale":"de_DE","og_type":"article","og_title":"Kontakt - Euroequipe","og_url":"https:\/\/euroequipe.eu\/de\/kontakt\/","og_site_name":"Euroequipe","article_modified_time":"2026-01-20T08:31:06+00:00","og_image":[{"width":1844,"height":556,"url":"https:\/\/euroequipe.eu\/wp-content\/uploads\/2024\/10\/euroequipe-sede.jpg","type":"image\/jpeg"}],"twitter_card":"summary_large_image","twitter_misc":{"Gesch\u00e4tzte Lesezeit":"4\u00a0Minute"},"schema":{"@context":"https:\/\/schema.org","@graph":[{"@type":"WebPage","@id":"https:\/\/euroequipe.eu\/de\/kontakt\/","url":"https:\/\/euroequipe.eu\/de\/kontakt\/","name":"Kontakt - Euroequipe","isPartOf":{"@id":"https:\/\/euroequipe.eu\/de\/#website"},"primaryImageOfPage":{"@id":"https:\/\/euroequipe.eu\/de\/kontakt\/#primaryimage"},"image":{"@id":"https:\/\/euroequipe.eu\/de\/kontakt\/#primaryimage"},"thumbnailUrl":"https:\/\/euroequipe.eu\/wp-content\/uploads\/2024\/10\/euroequipe-sede.jpg","datePublished":"2024-10-12T13:51:41+00:00","dateModified":"2026-01-20T08:31:06+00:00","breadcrumb":{"@id":"https:\/\/euroequipe.eu\/de\/kontakt\/#breadcrumb"},"inLanguage":"de","potentialAction":[{"@type":"ReadAction","target":["https:\/\/euroequipe.eu\/de\/kontakt\/"]}]},{"@type":"ImageObject","inLanguage":"de","@id":"https:\/\/euroequipe.eu\/de\/kontakt\/#primaryimage","url":"https:\/\/euroequipe.eu\/wp-content\/uploads\/2024\/10\/euroequipe-sede.jpg","contentUrl":"https:\/\/euroequipe.eu\/wp-content\/uploads\/2024\/10\/euroequipe-sede.jpg","width":1844,"height":556},{"@type":"BreadcrumbList","@id":"https:\/\/euroequipe.eu\/de\/kontakt\/#breadcrumb","itemListElement":[{"@type":"ListItem","position":1,"name":"Home","item":"https:\/\/euroequipe.eu\/de\/"},{"@type":"ListItem","position":2,"name":"Kontakt"}]},{"@type":"WebSite","@id":"https:\/\/euroequipe.eu\/de\/#website","url":"https:\/\/euroequipe.eu\/de\/","name":"Euroequipe srl","description":"","publisher":{"@id":"https:\/\/euroequipe.eu\/de\/#organization"},"potentialAction":[{"@type":"SearchAction","target":{"@type":"EntryPoint","urlTemplate":"https:\/\/euroequipe.eu\/de\/?s={search_term_string}"},"query-input":{"@type":"PropertyValueSpecification","valueRequired":true,"valueName":"search_term_string"}}],"inLanguage":"de"},{"@type":"Organization","@id":"https:\/\/euroequipe.eu\/de\/#organization","name":"Euroequipe srl","url":"https:\/\/euroequipe.eu\/de\/","logo":{"@type":"ImageObject","inLanguage":"de","@id":"https:\/\/euroequipe.eu\/de\/#\/schema\/logo\/image\/","url":"https:\/\/euroequipe.eu\/wp-content\/uploads\/2024\/09\/EuroEquipe-logo.png","contentUrl":"https:\/\/euroequipe.eu\/wp-content\/uploads\/2024\/09\/EuroEquipe-logo.png","width":1024,"height":402,"caption":"Euroequipe srl"},"image":{"@id":"https:\/\/euroequipe.eu\/de\/#\/schema\/logo\/image\/"}}]}},"_links":{"self":[{"href":"https:\/\/euroequipe.eu\/de\/wp-json\/wp\/v2\/pages\/15336","targetHints":{"allow":["GET"]}}],"collection":[{"href":"https:\/\/euroequipe.eu\/de\/wp-json\/wp\/v2\/pages"}],"about":[{"href":"https:\/\/euroequipe.eu\/de\/wp-json\/wp\/v2\/types\/page"}],"author":[{"embeddable":true,"href":"https:\/\/euroequipe.eu\/de\/wp-json\/wp\/v2\/users\/1"}],"replies":[{"embeddable":true,"href":"https:\/\/euroequipe.eu\/de\/wp-json\/wp\/v2\/comments?post=15336"}],"version-history":[{"count":0,"href":"https:\/\/euroequipe.eu\/de\/wp-json\/wp\/v2\/pages\/15336\/revisions"}],"wp:featuredmedia":[{"embeddable":true,"href":"https:\/\/euroequipe.eu\/de\/wp-json\/wp\/v2\/media\/15338"}],"wp:attachment":[{"href":"https:\/\/euroequipe.eu\/de\/wp-json\/wp\/v2\/media?parent=15336"}],"curies":[{"name":"wp","href":"https:\/\/api.w.org\/{rel}","templated":true}]}}